{"id":215,"date":"2022-01-17T18:07:34","date_gmt":"2022-01-17T17:07:34","guid":{"rendered":"https:\/\/www.canquim.es\/?page_id=215"},"modified":"2024-11-11T09:46:47","modified_gmt":"2024-11-11T08:46:47","slug":"avis-legal","status":"publish","type":"page","link":"https:\/\/www.canquim.es\/ca\/aviso-legal\/","title":{"rendered":"Av\u00eds legal"},"content":{"rendered":"<h4>Informaci\u00f3 de conformitat amb larticle 10 de la LSSI<\/h4>\n<h3>El titular d&#039;aquesta web \u00e9s:<\/h3>\n<p>Identitat: <strong>Vanesa y sus quesos S.L.U.<\/strong><br \/>\nCIF: <strong>B72872039<\/strong><br \/>\nAdre\u00e7a:\u00a0<strong>Passeig del Mar, 13 | 17220 Sant Feliu de Gu\u00edxols. Girona.<br \/>\n<\/strong>Tel\u00e8fon: <strong>615 26 57 60<br \/>\n<\/strong>Correu electr\u00f2nic<strong>:<\/strong> <a href=\"mailto:canquim@canquim.es\"><strong>canquim@canquim.es<\/strong><\/a><\/p>\n<h3>Condicions d&#039;\u00fas<\/h3>\n<p style=\"text-align: justify;\">L&#039;\u00fas d&#039;aquest web implica l&#039;acceptaci\u00f3 plena dels termes i les condicions del present av\u00eds legal. Els possibles conflictes relatius a aquest web es regiran exclusivament pel dret de l&#039;Estat espanyol. que se&#039;n produeixi l&#039;acc\u00e9s, accepta el compliment i el respecte d&#039;aquestes cl\u00e0usules amb ren\u00fancia expressa a qualsevol altre fur que li pugui correspondre.<\/p>\n<h3>Propietat intel\u00b7lectual i industrial<\/h3>\n<p style=\"text-align: justify;\">La totalitat del contingut d&#039;aquest lloc web, siguin textos, imatges, sons, marques, logotips o altres elements, aix\u00ed com subestructura, disseny, combinacions de colors o forma de presentaci\u00f3 dels materials, estan protegits per drets de propietat industrial i intel\u00b7lectual que lusuari daquest lloc web ha de respectar. No \u00e9s l\u00edcita la seva transformaci\u00f3 o alteraci\u00f3, comunicaci\u00f3 p\u00fablica o qualsevol altra forma dexplotaci\u00f3 per qualsevol procediment sense lautoritzaci\u00f3 expressa de\u00a0<strong>Vanesa y sus quesos S.L.U.<\/strong><\/p>\n<h3>Responsabilitat sobre els continguts<\/h3>\n<p style=\"text-align: justify;\">Encara\u00a0<strong>Vanesa y sus quesos S.L.U.<\/strong> actua amb la m\u00e0xima dilig\u00e8ncia possible, es pot donar el cas que alguna dada o informaci\u00f3 no estigui del tot actualitzada en el moment que l&#039;usuari del lloc web ho consulti. Per aix\u00f2, les informacions que es presenten en aquesta web tenen una funci\u00f3 orientativa i no obliguen a\u00a0<strong>Vanesa y sus quesos S.L.U.<\/strong><\/p>\n<p style=\"text-align: justify;\"><strong>Vanesa y sus quesos S.L.U.<\/strong>\u00a0no ser\u00e0 responsable de la informaci\u00f3 que es pugui obtenir a trav\u00e9s denlla\u00e7os inclosos a la seva web.<\/p>\n<p style=\"text-align: justify;\"><strong>Vanesa y sus quesos S.L.U.<\/strong>\u00a0es reserva la facultat de realitzar, en qualsevol moment i sense necessitat de preav\u00eds, modificacions o actualitzacions de la informaci\u00f3 i de qualsevol dels elements que integrin el disseny i configuraci\u00f3 de la p\u00e0gina web.<\/p>\n<h3>Llei aplicable i jurisdicci\u00f3<\/h3>\n<p style=\"text-align: justify;\">L&#039;\u00fas d&#039;aquest lloc web implica l&#039;acceptaci\u00f3 plena dels termes i les condicions de la present pol\u00edtica legal. Els possibles conflictes relatius a aquesta web es regiran exclusivament per la legislaci\u00f3 espanyola, sent competents els Jutjats i Tribunals espanyols per con\u00e8ixer de quantes q\u00fcestions se suscitin sobre aquesta. L&#039;usuari, per virtut de la seva acceptaci\u00f3, renuncia expressament a qualsevol fur que per aplicaci\u00f3 de la Llei d&#039;Enjudiciament Civil vigent li pugui correspondre.<\/p>","protected":false},"excerpt":{"rendered":"<p>Informaci\u00f3n de conformidad con el art\u00edculo 10 de la LSSI El titular de esta web es: Identidad: Vanesa y sus quesos S.L.U. CIF: B72872039 Direcci\u00f3n:\u00a0Passeig del Mar, 13 | 17220 Sant Feliu de Gu\u00edxols. Girona. Tel\u00e9fono: 615 26 57 60 Correo electr\u00f3nico: canquim@canquim.es Condiciones de uso El uso de esta web implica la aceptaci\u00f3n plena<br \/><a class=\"moretag\" href=\"https:\/\/www.canquim.es\/ca\/aviso-legal\/\">+ Read More<\/a><\/p>","protected":false},"author":1,"featured_media":1676,"parent":0,"menu_order":0,"comment_status":"closed","ping_status":"closed","template":"templates\/page-fullwidth_template.php","meta":{"footnotes":""},"class_list":["post-215","page","type-page","status-publish","has-post-thumbnail","hentry"],"_links":{"self":[{"href":"https:\/\/www.canquim.es\/ca\/wp-json\/wp\/v2\/pages\/215","targetHints":{"allow":["GET"]}}],"collection":[{"href":"https:\/\/www.canquim.es\/ca\/wp-json\/wp\/v2\/pages"}],"about":[{"href":"https:\/\/www.canquim.es\/ca\/wp-json\/wp\/v2\/types\/page"}],"author":[{"embeddable":true,"href":"https:\/\/www.canquim.es\/ca\/wp-json\/wp\/v2\/users\/1"}],"replies":[{"embeddable":true,"href":"https:\/\/www.canquim.es\/ca\/wp-json\/wp\/v2\/comments?post=215"}],"version-history":[{"count":0,"href":"https:\/\/www.canquim.es\/ca\/wp-json\/wp\/v2\/pages\/215\/revisions"}],"wp:featuredmedia":[{"embeddable":true,"href":"https:\/\/www.canquim.es\/ca\/wp-json\/wp\/v2\/media\/1676"}],"wp:attachment":[{"href":"https:\/\/www.canquim.es\/ca\/wp-json\/wp\/v2\/media?parent=215"}],"curies":[{"name":"wp","href":"https:\/\/api.w.org\/{rel}","templated":true}]}}