{"id":221,"date":"2022-01-17T18:10:33","date_gmt":"2022-01-17T17:10:33","guid":{"rendered":"https:\/\/www.canquim.es\/?page_id=221"},"modified":"2024-11-11T09:47:21","modified_gmt":"2024-11-11T08:47:21","slug":"terminos-y-condiciones","status":"publish","type":"page","link":"https:\/\/www.canquim.es\/ca\/terminos-y-condiciones\/","title":{"rendered":"Termes i condicions"},"content":{"rendered":"<h2 style=\"text-align: center;\">\u00a0Informaci\u00f3 legal i acceptaci\u00f3 de les condicions d\u00fas<\/h2>\n<h4>1. Identificaci\u00f3 del prestador del servei<\/h4>\n<p style=\"text-align: justify;\"><strong>Vanesa y sus quesos S.L.U.<\/strong> \u00e9s el representant del lloc web <strong>www.canquim.es<\/strong>, en endavant <strong>Formatgeria Can Quim<\/strong>, amb domicili a <strong>Passeig del Mar 13-16, 17220 Sant Feliu de Gu\u00edxols, Girona<\/strong> amb Codi d&#039;Identificaci\u00f3 Fiscal n\u00famero <strong>B72872039<\/strong>.<\/p>\n<h3>2. Notificacions<\/h3>\n<p>Totes les comunicacions per part de l&#039;Usuari a <strong>Formatgeria Can Quim<\/strong> es podran realitzar a trav\u00e9s de les seg\u00fcents formes:<\/p>\n<ul>\n<li>Enviament per correu postal a la seg\u00fcent adre\u00e7a: Passeig del Mar 13-16, 17220 Sant Feliu de Gu\u00edxols, Girona<\/li>\n<li>Comunicaci\u00f3 per mitj\u00e0 d&#039;una trucada al n\u00famero de tel\u00e8fon: (+34) 615265760<\/li>\n<li>Enviament per correu electr\u00f2nic a la seg\u00fcent adre\u00e7a: <a href=\"mailto:canquim@canquim.es\">canquim@canquim.es<\/a><\/li>\n<\/ul>\n<h3>3. Descripci\u00f3 del servei<strong><br \/>\n<\/strong><\/h3>\n<p><strong>Formatgeria Can Quim<\/strong> ofereix venda de productes. <strong>Formatgeria Can Quim<\/strong> podr\u00e0 alterar en qualsevol moment i sense av\u00eds previ, el disseny, presentaci\u00f3 i\/o configuraci\u00f3 del Lloc Web, aix\u00ed com alguns o tots els productes i\/o serveis.<\/p>\n<h3>4. Acceptaci\u00f3 de les condicions d\u00fas<strong><br \/>\n<\/strong><\/h3>\n<p style=\"text-align: justify;\">L&#039;acc\u00e9s i la utilitzaci\u00f3 del servei de <strong>Formatgeria Can Quim<\/strong> impliquen per part de l&#039;Usuari l&#039;acceptaci\u00f3 plena i sense reserves de totes les condicions recollides a les presents Condicions d&#039;\u00das.<\/p>\n<h3>5. Registre d&#039;usuaris<\/h3>\n<p style=\"text-align: justify;\">Els serveis prestats per <strong>Formatgeria Can Quim<\/strong> estan disponibles per <strong>usuaris majors de 18 anys<\/strong> que puguin complir contractes legals sota la llei corresponent. Vost\u00e8 garanteix que almenys t\u00e9 18 anys i que tota la informaci\u00f3 que ha registrat al lloc web s&#039;ajusta a la realitat i \u00e9s veritable. <strong>Formatgeria Can Quim<\/strong> pot, sota el seu criteri, denegar l&#039;acc\u00e9s o l&#039;\u00fas al lloc de qualsevol persona o entitat. Les persones menors de 18 anys hauran de fer servir <strong>Formatgeria Can Quim<\/strong> sota la supervisi\u00f3 dels pares o d&#039;un tutor legal i en aquests casos, l&#039;adult ser\u00e0 l&#039;usuari final responsable de qualsevol activitat.<\/p>\n<p style=\"text-align: justify;\"><strong>Formatgeria Can Quim<\/strong> requereix l&#039;elecci\u00f3 d&#039;un nom d&#039;usuari i una contrasenya per part de l&#039;usuari. L&#039;usuari haur\u00e0 de mantenir sota la seva exclusiva responsabilitat la contrasenya, en la m\u00e9s estricta i absoluta confidencialitat, assumint per tant, quants danys i\/o perjudicis de tota mena es derivin del trencament o revelaci\u00f3 de la mateixa, aix\u00ed com del mal \u00fas que, com conseq\u00fc\u00e8ncia de la infracci\u00f3 del seu deure de cust\u00f2dia, pogu\u00e9s fer-ne un tercer.<\/p>\n<p style=\"text-align: justify;\">De conformitat amb all\u00f2 previst a la Llei Org\u00e0nica 15\/1999, el 13 de desembre, de Protecci\u00f3 de Dades de Car\u00e0cter Personal (LOPD), <strong>Formatgeria Can Quim<\/strong> informa de l&#039;exist\u00e8ncia d&#039;un fitxer de la seva titularitat (inscrit a l&#039;Ag\u00e8ncia Espanyola de Protecci\u00f3 de Dades) on s&#039;inclouran les dades necess\u00e0ries per mantenir informats els usuaris que aix\u00ed ho requereixin o proporcionar els serveis que els usuaris sol\u00b7licitin. El titular podr\u00e0 exercir els drets reconeguts a la LOPD sobre aquest fitxer i, en particular, l&#039;acc\u00e9s, rectificaci\u00f3 o cancel\u00b7laci\u00f3 de dades i oposici\u00f3, si escau, aix\u00ed com la revocaci\u00f3 del consentiment per a la cessi\u00f3 de les seves dades en els termes previstos en la LOPD. Els usuaris poden realitzar aquestes accions ells mateixos accedint al vostre compte d&#039;usuari, o b\u00e9 sol\u00b7licitant-ho per escrit a <a href=\"mailto:canquim@canquim.es\"><strong>canquim@canquim.es<\/strong><\/a>.<\/p>\n<h3>6. Informaci\u00f3 del vostre compte<\/h3>\n<p style=\"text-align: justify;\">L&#039;usuari haur\u00e0 de mantenir la informaci\u00f3 del vostre compte actualitzat en tot moment, incloent-hi una adre\u00e7a de correu electr\u00f2nic v\u00e0lida.<\/p>\n<p style=\"text-align: justify;\">L&#039;usuari no ha de transferir o vendre els detalls de compte a <strong>Formatgeria Can Quim<\/strong> ni la identificaci\u00f3 d&#039;usuari a terceres parts. Si s&#039;est\u00e0 registrant com una entitat de negoci, haureu de garantir que teniu l&#039;autoritat per obligar l&#039;entitat a acceptar aquestes Condicions d&#039;\u00das.<\/p>\n<h3>7. Dret a denegar el servei<\/h3>\n<p style=\"text-align: justify;\"><strong>Formatgeria Can Quim<\/strong> es reserva el dret a cancel\u00b7lar comptes inactius o sense confirmar, a m\u00e9s de denegar el servei a un usuari, per qualsevol ra\u00f3 i en qualsevol moment.<\/p>\n<h3>8. Condicions d&#039;acc\u00e9s i utilitzaci\u00f3 del portal<\/h3>\n<p style=\"text-align: justify;\">L&#039;usuari es compromet a utilitzar els serveis i continguts de la p\u00e0gina d&#039;acord amb el que estableixen la llei i les presents condicions generals d&#039;\u00fas. Aix\u00ed mateix, es compromet a fer un \u00fas adequat dels serveis i\/o continguts de la p\u00e0gina ia no fer-los servir per realitzar activitats il\u00b7l\u00edcites o constitutives de delicte i\/o que infringeixin la regulaci\u00f3 sobre propietat intel\u00b7lectual i industrial, o qualssevol altres formes d&#039;ordenament jur\u00eddic aplicable.<\/p>\n<h3>9. Normes de participaci\u00f3<strong><br \/>\n<\/strong><\/h3>\n<p style=\"text-align: justify;\">Formatgeria Can Quim es reserva el dret de suspendre o cancel\u00b7lar, totalment o parcialment, amb av\u00eds previ o sense, qualsevol contingut o compte d&#039;usuari que infringeixi aquestes condicions d&#039;\u00fas del Servei. A t\u00edtol enunciatiu, i en cap cas limitatiu o excloent, l&#039;usuari\/\u00e0ria es compromet a no realitzar cap de les activitats seg\u00fcents:<\/p>\n<ul>\n<li style=\"text-align: justify;\"><strong>a<\/strong>) Ofendre, insultar, desacreditar o assetjar altres persones en qualsevol espai com\u00fa de <strong>Formatgeria Can Quim<\/strong>.D&#039;igual manera l&#039;usuari s&#039;obliga a no utilitzar les eines de contacte d&#039;altres usuaris per fer aquest tipus d&#039;activitats.<\/li>\n<li style=\"text-align: justify;\"><strong>b)<\/strong> Introduir o difondre continguts o propaganda de car\u00e0cter racista, hom\u00f2fob, xen\u00f2fob, ped\u00f2fil, excessivament violent, d&#039;apologia del terrorisme o que atemptin contra els drets humans.<\/li>\n<li style=\"text-align: justify;\"><strong>c<\/strong>) Publicar imatges d&#039;altres persones sense el vostre consentiment.<\/li>\n<li><strong>d<\/strong>) Difamar o calumniar empreses, col\u00b7lectius, ONG o qualsevol altre grup d&#039;individus.<\/li>\n<li><strong>e<\/strong>) Plagiar, copiar o utilitzar continguts d&#039;altres persones o mitjans sense el seu consentiment.<\/li>\n<li style=\"text-align: justify;\"><strong>f<\/strong>) Suplantar altres persones, col\u00b7lectius o entitats jur\u00eddiques.<\/li>\n<li style=\"text-align: justify;\"><strong>g<\/strong>) Realitzar activitats d&#039;explotaci\u00f3 comercial, com ara la promoci\u00f3 de productes i serveis, sense l&#039;autoritzaci\u00f3 de <strong>Formatgeria Can Quim<\/strong>; generar correu brossa, transmetre missatges comercials no sol\u00b7licitats, utilitzar el Servei com a eina de reenviament cap a una altra web o promocionar el seu lloc publicant missatges m\u00faltiples i id\u00e8ntics en diferents espais.<\/li>\n<li style=\"text-align: justify;\"><strong>h<\/strong>) Duplicar continguts. Aix\u00f2 \u00e9s, copiar i publicar amb autoritzaci\u00f3 de l&#039;autor o sense, i de forma sistem\u00e0tica, continguts publicats en altres Webs.<\/li>\n<li style=\"text-align: justify;\"><strong>j<\/strong>) Afegir algun programari que entorpeixi el normal funcionament del sistema o qualsevol codi, fitxer o programa que ofereixi publicitat a trav\u00e9s de finestres emergents (Popups) De la mateixa manera l&#039;usuari es compromet a no publicar continguts que infringeixin les condicions d&#039;\u00fas dels serveis de publicitat utilitzats en <strong>Formatgeria Can Quim<\/strong>.<\/li>\n<li style=\"text-align: justify;\"><strong>k<\/strong>) No es poden utilitzar indegudament les funcionalitats de <strong>Formatgeria Can Quim<\/strong> per autopromocionar-se o millorar el posicionament qualsevol lloc web als resultats dels motors de cerca.<\/li>\n<\/ul>\n<h3>10. Publicitat i comunicacions<strong><br \/>\n<\/strong><\/h3>\n<p>En registrar-se, l&#039;usuari accepta que Formatgeria Can Quim podr\u00e0 enviar al vostre correu electr\u00f2nic butlletins informatius que incloguin publicitat.<\/p>\n<h3>11. Exempcions de responsabilitat<strong><br \/>\n<\/strong><\/h3>\n<p style=\"text-align: justify;\"><strong>Formatgeria Can Quim<\/strong> no es responsabilitza pel mal \u00fas que es pugui fer daquesta p\u00e0gina web. <strong>Formatgeria Can Quim<\/strong> no pot garantir l&#039;abs\u00e8ncia de virus o altres elements que puguin causar danys als sistemes inform\u00e0tics, documents electr\u00f2nics o als fitxers d&#039;usuaris d&#039;aquesta p\u00e0gina o de tercers, per la qual cosa no es responsabilitza dels perjudicis que es puguin produir per aquestes causes .<\/p>\n<h3>12. Pol\u00edtica de privadesa<strong><br \/>\n<\/strong><\/h3>\n<p style=\"text-align: justify;\">Les dades de car\u00e0cter personal i altra informaci\u00f3 relativa a la identitat de l&#039;usuari estan subjectes a la <a href=\"https:\/\/www.canquim.es\/ca\/politica-de-privacitat\/\" target=\"_blank\" rel=\"noopener\"><strong>pol\u00edtica de privadesa de Formatgeria Can Quim<\/strong><\/a><strong>.<\/strong><\/p>\n<p><strong>13. Propietat intel\u00b7lectual i industrial.<\/strong><\/p>\n<p style=\"text-align: justify;\">Tots els continguts que es mostren a la web <strong>www.canquim.es<\/strong> i en especial, dissenys, textos, gr\u00e0fics, logos, icones, botons, programari, noms comercials, marques, dibuixos industrials o qualssevol altres signes susceptibles d&#039;utilitzaci\u00f3 industrial i comercial estan subjectes a drets de propietat intel\u00b7lectual i industrial de <strong>Vanesa y sus quesos S.L.U.<\/strong> o de tercers titulars dels mateixos que han autoritzat degudament la seva inclusi\u00f3 al Portal.<\/p>\n<p style=\"text-align: justify;\">En cap cas s&#039;entendr\u00e0 que es concedeix cap llic\u00e8ncia o s&#039;efectua ren\u00fancia, transmissi\u00f3, cessi\u00f3 total o parcial dels drets esmentats ni es confereix cap dret ni expectativa de dret, i en especial, d&#039;alteraci\u00f3, explotaci\u00f3, reproducci\u00f3, distribuci\u00f3 o comunicaci\u00f3 p\u00fablica sobre aquests continguts sense la pr\u00e8via autoritzaci\u00f3 expressa de <strong>Vanesa y sus quesos S.L.U.<\/strong> o dels titulars corresponents.<\/p>\n<p style=\"text-align: justify;\">No es podr\u00e0 establir cap enlla\u00e7 a la web <strong>www.canquim.es<\/strong> des de qualsevol altra web sense el previ i expr\u00e9s consentiment de\u00a0<strong>Vanesa y sus quesos S.L.U.<\/strong><\/p>","protected":false},"excerpt":{"rendered":"<p>\u00a0Informaci\u00f3n legal y aceptaci\u00f3n de las condiciones de uso 1. Identificaci\u00f3n del prestador del servicio Vanesa y sus quesos S.L.U. es el representante del sitio web www.canquim.es, en adelante Formatgeria Can Quim, con domicilio en Passeig del Mar 13-16, 17220 Sant Feliu de Gu\u00edxols, Girona con C\u00f3digo de Identificaci\u00f3n Fiscal n\u00famero B72872039. 2. Notificaciones Todas<br \/><a class=\"moretag\" href=\"https:\/\/www.canquim.es\/ca\/terminos-y-condiciones\/\">+ Read More<\/a><\/p>","protected":false},"author":1,"featured_media":0,"parent":0,"menu_order":0,"comment_status":"closed","ping_status":"closed","template":"templates\/page-fullwidth_template.php","meta":{"footnotes":""},"class_list":["post-221","page","type-page","status-publish","hentry"],"_links":{"self":[{"href":"https:\/\/www.canquim.es\/ca\/wp-json\/wp\/v2\/pages\/221","targetHints":{"allow":["GET"]}}],"collection":[{"href":"https:\/\/www.canquim.es\/ca\/wp-json\/wp\/v2\/pages"}],"about":[{"href":"https:\/\/www.canquim.es\/ca\/wp-json\/wp\/v2\/types\/page"}],"author":[{"embeddable":true,"href":"https:\/\/www.canquim.es\/ca\/wp-json\/wp\/v2\/users\/1"}],"replies":[{"embeddable":true,"href":"https:\/\/www.canquim.es\/ca\/wp-json\/wp\/v2\/comments?post=221"}],"version-history":[{"count":0,"href":"https:\/\/www.canquim.es\/ca\/wp-json\/wp\/v2\/pages\/221\/revisions"}],"wp:attachment":[{"href":"https:\/\/www.canquim.es\/ca\/wp-json\/wp\/v2\/media?parent=221"}],"curies":[{"name":"wp","href":"https:\/\/api.w.org\/{rel}","templated":true}]}}