{"id":1794,"date":"2022-05-28T18:24:04","date_gmt":"2022-05-28T16:24:04","guid":{"rendered":"https:\/\/www.canquim.es\/?post_type=product&#038;p=1794"},"modified":"2024-11-10T08:31:13","modified_gmt":"2024-11-10T07:31:13","slug":"asher-blue","status":"publish","type":"product","link":"https:\/\/www.canquim.es\/ca\/producto\/asher-blue\/","title":{"rendered":"Asher Blue"},"content":{"rendered":"<p style=\"text-align: justify;\">El <strong>Asher Blue<\/strong> \u00e9s un delici\u00f3s i singular formatge blau elaborat a <strong>Sweet Grass Dairy<\/strong>.<\/p>\n<p style=\"text-align: justify;\">Aquesta fet amb llet crua de vaca, t\u00e9 un sabor equilibrat, \u00e9s lleugerament salat, \u00e9s molt ric i ple, t\u00e9 un robust sabor que desemboca en un lleuger final, que recorda el Cheddar.<\/p>","protected":false},"excerpt":{"rendered":"<p style=\"text-align: justify;\">Formatge blau angl\u00e8s llet de vaca pasteuritzada. Apte per a vegetarians.<br \/>\n<strong>Pe\u00e7a 250g.<\/strong><\/p>","protected":false},"featured_media":1798,"comment_status":"closed","ping_status":"closed","template":"","meta":[],"product_brand":[],"product_cat":[20],"product_tag":[],"class_list":{"0":"post-1794","1":"product","2":"type-product","3":"status-publish","4":"has-post-thumbnail","6":"product_cat-quesos","7":"pa_animal-vaca","8":"pa_cuajo-vegetal","9":"pa_intensidad-molt-fort","10":"pa_maridaje-vi-de-postres","11":"pa_peso-250g","12":"pa_tiempo-maduracion-6-8-mesos","13":"pa_tipo-pasta-semiduro","15":"first","16":"outofstock","17":"taxable","18":"shipping-taxable","19":"product-type-simple"},"_links":{"self":[{"href":"https:\/\/www.canquim.es\/ca\/wp-json\/wp\/v2\/product\/1794","targetHints":{"allow":["GET"]}}],"collection":[{"href":"https:\/\/www.canquim.es\/ca\/wp-json\/wp\/v2\/product"}],"about":[{"href":"https:\/\/www.canquim.es\/ca\/wp-json\/wp\/v2\/types\/product"}],"replies":[{"embeddable":true,"href":"https:\/\/www.canquim.es\/ca\/wp-json\/wp\/v2\/comments?post=1794"}],"version-history":[{"count":0,"href":"https:\/\/www.canquim.es\/ca\/wp-json\/wp\/v2\/product\/1794\/revisions"}],"wp:featuredmedia":[{"embeddable":true,"href":"https:\/\/www.canquim.es\/ca\/wp-json\/wp\/v2\/media\/1798"}],"wp:attachment":[{"href":"https:\/\/www.canquim.es\/ca\/wp-json\/wp\/v2\/media?parent=1794"}],"wp:term":[{"taxonomy":"product_brand","embeddable":true,"href":"https:\/\/www.canquim.es\/ca\/wp-json\/wp\/v2\/product_brand?post=1794"},{"taxonomy":"product_cat","embeddable":true,"href":"https:\/\/www.canquim.es\/ca\/wp-json\/wp\/v2\/product_cat?post=1794"},{"taxonomy":"product_tag","embeddable":true,"href":"https:\/\/www.canquim.es\/ca\/wp-json\/wp\/v2\/product_tag?post=1794"}],"curies":[{"name":"wp","href":"https:\/\/api.w.org\/{rel}","templated":true}]}}