{"id":1804,"date":"2022-05-28T19:15:46","date_gmt":"2022-05-28T17:15:46","guid":{"rendered":"https:\/\/www.canquim.es\/?post_type=product&#038;p=1804"},"modified":"2024-11-10T08:31:57","modified_gmt":"2024-11-10T07:31:57","slug":"munster-fermier-aoc","status":"publish","type":"product","link":"https:\/\/www.canquim.es\/ca\/producto\/munster-fermier-aoc\/","title":{"rendered":"Munster Fermier AOC"},"content":{"rendered":"<p style=\"text-align: justify;\">El 668 dC els monjos benedictins d&#039;It\u00e0lia van pujar la vall de Fetch a Als\u00e0cia i van construir un monestir dedicat a Sant Gr\u00e9goire. Als voltants de la zona van prendre el nom de Val Saint Gr\u00e9goire, que m\u00e9s tard es convertiria a la vall de Munster. Despr\u00e9s es van desenvolupar diferents poblacions al voltant de l&#039;abadia, entre elles Munster.<\/p>\n<p style=\"text-align: justify;\">Al segle XVI, Munster es va fer fam\u00f3s, per\u00f2 encara va haver d&#039;esperar fins al segle seg\u00fcent perqu\u00e8 la fabricaci\u00f3 d&#039;aquest formatge es fes a gran escala. Les rivalitats entre el Munster o Munster Ger\u00f4me van existir durant molts anys per determinar qui va ser el precursor. Va ser el maig del 1969 quan es va prendre la decisi\u00f3 d&#039;atribuir la mateixa AOC als dos formatges. El proc\u00e9s de fabricaci\u00f3 \u00e9s el mateix, incl\u00f2s el color i l&#039;olor.<\/p>","protected":false},"excerpt":{"rendered":"<p>Formatge franc\u00e8s de vaca, llet crua, fort, semicurat.<br \/>\n<strong>Falca de 300g.<\/strong><\/p>","protected":false},"featured_media":1806,"comment_status":"closed","ping_status":"closed","template":"","meta":[],"product_brand":[],"product_cat":[20],"product_tag":[],"class_list":{"0":"post-1804","1":"product","2":"type-product","3":"status-publish","4":"has-post-thumbnail","6":"product_cat-quesos","7":"pa_animal-vaca","8":"pa_cuajo-animal","9":"pa_intensidad-fort","10":"pa_maridaje-cervesa","11":"pa_maridaje-gewurtzraminer","12":"pa_tipo-pasta-semiduro","14":"first","15":"outofstock","16":"taxable","17":"shipping-taxable","18":"product-type-simple"},"_links":{"self":[{"href":"https:\/\/www.canquim.es\/ca\/wp-json\/wp\/v2\/product\/1804","targetHints":{"allow":["GET"]}}],"collection":[{"href":"https:\/\/www.canquim.es\/ca\/wp-json\/wp\/v2\/product"}],"about":[{"href":"https:\/\/www.canquim.es\/ca\/wp-json\/wp\/v2\/types\/product"}],"replies":[{"embeddable":true,"href":"https:\/\/www.canquim.es\/ca\/wp-json\/wp\/v2\/comments?post=1804"}],"version-history":[{"count":0,"href":"https:\/\/www.canquim.es\/ca\/wp-json\/wp\/v2\/product\/1804\/revisions"}],"wp:featuredmedia":[{"embeddable":true,"href":"https:\/\/www.canquim.es\/ca\/wp-json\/wp\/v2\/media\/1806"}],"wp:attachment":[{"href":"https:\/\/www.canquim.es\/ca\/wp-json\/wp\/v2\/media?parent=1804"}],"wp:term":[{"taxonomy":"product_brand","embeddable":true,"href":"https:\/\/www.canquim.es\/ca\/wp-json\/wp\/v2\/product_brand?post=1804"},{"taxonomy":"product_cat","embeddable":true,"href":"https:\/\/www.canquim.es\/ca\/wp-json\/wp\/v2\/product_cat?post=1804"},{"taxonomy":"product_tag","embeddable":true,"href":"https:\/\/www.canquim.es\/ca\/wp-json\/wp\/v2\/product_tag?post=1804"}],"curies":[{"name":"wp","href":"https:\/\/api.w.org\/{rel}","templated":true}]}}