{"id":1938,"date":"2022-11-12T18:29:29","date_gmt":"2022-11-12T17:29:29","guid":{"rendered":"https:\/\/www.canquim.es\/?post_type=product&#038;p=1938"},"modified":"2024-11-12T17:53:29","modified_gmt":"2024-11-12T16:53:29","slug":"occelli-con-frutta-e-grappa-di-moscato","status":"publish","type":"product","link":"https:\/\/www.canquim.es\/ca\/producto\/occelli-con-frutta-e-grappa-di-moscato\/","title":{"rendered":"Occelli amb Frutta i Grappa di Moscat"},"content":{"rendered":"<p style=\"text-align: justify;\">Els millors formatges de <strong>Beppino Occelli<\/strong> han sorgit de l&#039;evoluci\u00f3 del sabor i la recerca cont\u00ednua de qualitat en les primeres mat\u00e8ries, profundament vinculades al territori.<\/p>\n<p style=\"text-align: justify;\">De fet, la \u00ab<strong>Via L\u00e0ctia<\/strong>\u00bb s&#039;origina al Langhe, puja per Cuneo fins a les pastures de Castelmagno i Valgrana i finalment arriba a Valcasotto. Aqu\u00ed els formatges envellits a les muntanyes, gr\u00e0cies a la cura constant dels mestres afins, finalment descansen i maduren durant molt de temps a les taules de fusta que desenvolupen el seu sabor i enriqueixen l&#039;estructura.<\/p>\n<p style=\"text-align: justify;\">La passi\u00f3 de Beppino Occelli per les tradicions l\u00e0cties locals, combinada amb la seva gran creativitat, ha produ\u00eft una \u00e0mplia varietat de formatges (frescs, semiassaonats, condimentats, t\u00f2fona, blau, gran reserva i DOP). Hi ha una gran varietat de productes, molt apreciats pels gurmets per la seva qualitat.<\/p>\n<p style=\"text-align: justify;\">Aquest formatge de pasta dura elaborat amb llet d&#039;ovella i cabra, cobert amb albercoc, nabius vermells, ra\u00efms i figues, i macerat amb grappa de Moscat. Un cop elaborat s&#039;afina a coves fins arribar al m\u00ednim de 12 mesos<\/p>\n<p style=\"text-align: justify;\">Els formatges de Beppino Occeli no deixen indiferent cap tur\u00f2fil.<\/p>","protected":false},"excerpt":{"rendered":"<p style=\"text-align: justify;\">Formatge itali\u00e0, fort, curat, llet d&#039;ovella i cabra pasteuritzada, licor afegit.<br \/>\n<strong>Falques de 250g, 500g i 1Kg.<\/strong><\/p>","protected":false},"featured_media":1944,"comment_status":"open","ping_status":"closed","template":"","meta":[],"product_brand":[],"product_cat":[20],"product_tag":[],"class_list":{"0":"post-1938","1":"product","2":"type-product","3":"status-publish","4":"has-post-thumbnail","6":"product_cat-quesos","7":"pa_animal-cabra","8":"pa_animal-ovella","9":"pa_cuajo-animal","10":"pa_intensidad-fort","11":"pa_leche-cabra","12":"pa_leche-ovella","13":"pa_maridaje-grappa-de-moscato-italiana","14":"pa_peso-1kg","15":"pa_peso-250g","16":"pa_peso-500g","17":"pa_tiempo-maduracion-18-24-mesos","18":"wcpa_has_options","20":"first","21":"outofstock","22":"taxable","23":"shipping-taxable","24":"product-type-variable"},"_links":{"self":[{"href":"https:\/\/www.canquim.es\/ca\/wp-json\/wp\/v2\/product\/1938","targetHints":{"allow":["GET"]}}],"collection":[{"href":"https:\/\/www.canquim.es\/ca\/wp-json\/wp\/v2\/product"}],"about":[{"href":"https:\/\/www.canquim.es\/ca\/wp-json\/wp\/v2\/types\/product"}],"replies":[{"embeddable":true,"href":"https:\/\/www.canquim.es\/ca\/wp-json\/wp\/v2\/comments?post=1938"}],"version-history":[{"count":0,"href":"https:\/\/www.canquim.es\/ca\/wp-json\/wp\/v2\/product\/1938\/revisions"}],"wp:featuredmedia":[{"embeddable":true,"href":"https:\/\/www.canquim.es\/ca\/wp-json\/wp\/v2\/media\/1944"}],"wp:attachment":[{"href":"https:\/\/www.canquim.es\/ca\/wp-json\/wp\/v2\/media?parent=1938"}],"wp:term":[{"taxonomy":"product_brand","embeddable":true,"href":"https:\/\/www.canquim.es\/ca\/wp-json\/wp\/v2\/product_brand?post=1938"},{"taxonomy":"product_cat","embeddable":true,"href":"https:\/\/www.canquim.es\/ca\/wp-json\/wp\/v2\/product_cat?post=1938"},{"taxonomy":"product_tag","embeddable":true,"href":"https:\/\/www.canquim.es\/ca\/wp-json\/wp\/v2\/product_tag?post=1938"}],"curies":[{"name":"wp","href":"https:\/\/api.w.org\/{rel}","templated":true}]}}