{"id":2475,"date":"2023-11-22T21:21:25","date_gmt":"2023-11-22T20:21:25","guid":{"rendered":"https:\/\/www.canquim.es\/?post_type=product&#038;p=2475"},"modified":"2024-11-12T17:50:21","modified_gmt":"2024-11-12T16:50:21","slug":"picon-beixos-tresviso-dop","status":"publish","type":"product","link":"https:\/\/www.canquim.es\/ca\/producto\/picon-bejes-tresviso-dop\/","title":{"rendered":"Pic\u00f3n Bejes-Tresviso DOP"},"content":{"rendered":"<p style=\"text-align: justify;\">Un dels formatges m\u00e9s antics d'Espanya, elaborat als Picos de Europa, Cant\u00e0bria. T\u00e9 un sabor fort propi dels formatges de la zona. Les mines abandonades i les coves naturals s\u00f3n excel\u00b7lents llocs per a la seva curaci\u00f3. Les vaques de ra\u00e7a marr\u00f3-alpina pasturen a Tresviso, on al nord d'Espanya donen aquesta qualitat de llet a causa del seu clima.<\/p>\n<p style=\"text-align: justify;\">Formatge blau propi del penicillium, elaborat amb llet crua de vaca, amb sabor molt fort (segons maduraci\u00f3), agre, picant i salat.<\/p>","protected":false},"excerpt":{"rendered":"<p style=\"text-align: justify;\">Un dels formatges m\u00e9s antics d'Espanya, elaborat als Picos de Europa, Cant\u00e0bria. T\u00e9 un sabor fort propi dels formatges de la zona. Les mines abandonades i les coves naturals s\u00f3n excel\u00b7lents llocs per a la seva curaci\u00f3. Les vaques de ra\u00e7a marr\u00f3-alpina pasturen a Tresviso, on al nord d'Espanya donen aquesta qualitat de llet a causa del seu clima.<\/p>\n<p style=\"text-align: justify;\">Formatge blau propi del penicillium, elaborat amb llet crua de vaca, amb sabor molt fort (segons maduraci\u00f3), agre, picant i salat.<\/p>","protected":false},"featured_media":0,"comment_status":"open","ping_status":"closed","template":"","meta":[],"product_brand":[],"product_cat":[20],"product_tag":[],"class_list":{"0":"post-2475","1":"product","2":"type-product","3":"status-publish","5":"product_cat-quesos","6":"pa_animal-vaca","7":"pa_comunidad-region-cantabria","8":"pa_cuajo-animal","9":"pa_intensidad-molt-fort","10":"pa_leche-cruda","11":"pa_maridaje-vi-de-postres","12":"pa_pais-espana","13":"pa_peso-1kg","14":"pa_peso-250g","15":"pa_peso-500g","16":"pa_tiempo-maduracion-60-dias-minimo","17":"pa_tipo-pasta-semiduro","18":"wcpa_has_options","20":"first","21":"outofstock","22":"taxable","23":"shipping-taxable","24":"purchasable","25":"product-type-variable"},"_links":{"self":[{"href":"https:\/\/www.canquim.es\/ca\/wp-json\/wp\/v2\/product\/2475","targetHints":{"allow":["GET"]}}],"collection":[{"href":"https:\/\/www.canquim.es\/ca\/wp-json\/wp\/v2\/product"}],"about":[{"href":"https:\/\/www.canquim.es\/ca\/wp-json\/wp\/v2\/types\/product"}],"replies":[{"embeddable":true,"href":"https:\/\/www.canquim.es\/ca\/wp-json\/wp\/v2\/comments?post=2475"}],"version-history":[{"count":0,"href":"https:\/\/www.canquim.es\/ca\/wp-json\/wp\/v2\/product\/2475\/revisions"}],"wp:attachment":[{"href":"https:\/\/www.canquim.es\/ca\/wp-json\/wp\/v2\/media?parent=2475"}],"wp:term":[{"taxonomy":"product_brand","embeddable":true,"href":"https:\/\/www.canquim.es\/ca\/wp-json\/wp\/v2\/product_brand?post=2475"},{"taxonomy":"product_cat","embeddable":true,"href":"https:\/\/www.canquim.es\/ca\/wp-json\/wp\/v2\/product_cat?post=2475"},{"taxonomy":"product_tag","embeddable":true,"href":"https:\/\/www.canquim.es\/ca\/wp-json\/wp\/v2\/product_tag?post=2475"}],"curies":[{"name":"wp","href":"https:\/\/api.w.org\/{rel}","templated":true}]}}