{"id":2528,"date":"2024-11-11T11:10:20","date_gmt":"2024-11-11T10:10:20","guid":{"rendered":"https:\/\/www.canquim.es\/?post_type=product&#038;p=2528"},"modified":"2024-11-11T17:25:18","modified_gmt":"2024-11-11T16:25:18","slug":"brie-de-meaux-aoc-donge-trufado","status":"publish","type":"product","link":"https:\/\/www.canquim.es\/ca\/producto\/brie-de-meaux-aoc-donge-trufado\/","title":{"rendered":"Brie de Meaux AOC Dong\u00e9 trufat"},"content":{"rendered":"<p style=\"text-align: justify;\">Formatge franc\u00e8s per excel\u00b7l\u00e8ncia, elaborat a Triconville, per Dong\u00e9. Un dels formatges de pasta tova m\u00e9s reconeguts.<\/p>\n<p style=\"text-align: justify;\">Elaborat amb llet crua de vaca. Aroma de bolets, floridura, amb sabor que recorda bolets silvestres, nata i fruits secs.<\/p>\n<p style=\"text-align: justify;\">Un dels millors Brie de Meux.<\/p>\n<p style=\"text-align: justify;\">A la Formatgeria Can Quim ho omplim amb una crema de t\u00f2fona d&#039;elaboraci\u00f3 pr\u00f2pia.<\/p>\n<p><strong>AL\u00b7L\u00c8RGENS: BOLETS<\/strong><\/p>","protected":false},"excerpt":{"rendered":"<p style=\"text-align: justify;\">Formatge franc\u00e8s per excel\u00b7l\u00e8ncia, elaborat a Triconville, per Dong\u00e9. Un dels formatges de pasta tova m\u00e9s reconeguts.<\/p>\n<p style=\"text-align: justify;\">Elaborat amb llet crua de vaca. Aroma de bolets, floridura, amb sabor que recorda bolets silvestres, nata i fruits secs.<\/p>\n<p style=\"text-align: justify;\">Un dels millors Brie de Meux.<\/p>\n<p style=\"text-align: justify;\">A la Formatgeria Can Quim ho omplim amb una crema de t\u00f2fona d&#039;elaboraci\u00f3 pr\u00f2pia.<\/p>\n<p><strong>AL\u00b7L\u00c8RGENS: BOLETS<\/strong><\/p>","protected":false},"featured_media":3389,"comment_status":"open","ping_status":"closed","template":"","meta":[],"product_brand":[],"product_cat":[20],"product_tag":[],"class_list":{"0":"post-2528","1":"product","2":"type-product","3":"status-publish","4":"has-post-thumbnail","6":"product_cat-quesos","7":"pa_alergenos-setas","8":"pa_animal-vaca","9":"pa_comunidad-region-triconville","10":"pa_cuajo-animal","11":"pa_intensidad-suave","12":"pa_leche-cruda","13":"pa_maridaje-pinot-noir","14":"pa_maridaje-tinto-joven","15":"pa_pais-francia","16":"pa_peso-1kg","17":"pa_peso-250g","18":"pa_peso-500g","19":"pa_tiempo-maduracion-5-8-semanas","20":"pa_tipo-pasta-blando","22":"first","23":"outofstock","24":"taxable","25":"shipping-taxable","26":"purchasable","27":"product-type-variable"},"_links":{"self":[{"href":"https:\/\/www.canquim.es\/ca\/wp-json\/wp\/v2\/product\/2528","targetHints":{"allow":["GET"]}}],"collection":[{"href":"https:\/\/www.canquim.es\/ca\/wp-json\/wp\/v2\/product"}],"about":[{"href":"https:\/\/www.canquim.es\/ca\/wp-json\/wp\/v2\/types\/product"}],"replies":[{"embeddable":true,"href":"https:\/\/www.canquim.es\/ca\/wp-json\/wp\/v2\/comments?post=2528"}],"version-history":[{"count":0,"href":"https:\/\/www.canquim.es\/ca\/wp-json\/wp\/v2\/product\/2528\/revisions"}],"wp:featuredmedia":[{"embeddable":true,"href":"https:\/\/www.canquim.es\/ca\/wp-json\/wp\/v2\/media\/3389"}],"wp:attachment":[{"href":"https:\/\/www.canquim.es\/ca\/wp-json\/wp\/v2\/media?parent=2528"}],"wp:term":[{"taxonomy":"product_brand","embeddable":true,"href":"https:\/\/www.canquim.es\/ca\/wp-json\/wp\/v2\/product_brand?post=2528"},{"taxonomy":"product_cat","embeddable":true,"href":"https:\/\/www.canquim.es\/ca\/wp-json\/wp\/v2\/product_cat?post=2528"},{"taxonomy":"product_tag","embeddable":true,"href":"https:\/\/www.canquim.es\/ca\/wp-json\/wp\/v2\/product_tag?post=2528"}],"curies":[{"name":"wp","href":"https:\/\/api.w.org\/{rel}","templated":true}]}}