{"id":2538,"date":"2024-11-11T11:07:11","date_gmt":"2024-11-11T10:07:11","guid":{"rendered":"https:\/\/www.canquim.es\/?post_type=product&#038;p=2538"},"modified":"2024-11-12T17:15:30","modified_gmt":"2024-11-12T16:15:30","slug":"brie-de-meaux-aoc-donge","status":"publish","type":"product","link":"https:\/\/www.canquim.es\/ca\/producto\/brie-de-meaux-aoc-donge\/","title":{"rendered":"Brie de Meaux AOC Dong\u00e9"},"content":{"rendered":"<p style=\"text-align: justify;\">Formatge franc\u00e8s per excel\u00b7l\u00e8ncia, elaborat a Triconville, per Dong\u00e9.  Un dels formatges de pasta tova m\u00e9s reconeguts. Luc Dong\u00e9 i el seu germ\u00e0 elaboren el millor Brie de Meaux.<\/p>\n<p style=\"text-align: justify;\">Elaborat amb llet crua de vaca, escor\u00e7a natural (penicilium candidum), aroma de bolets, floridura, amb un sabor que recorda bolets silvestres, nata i fruits secs.<\/p>\n<p style=\"text-align: justify;\">Un dels millors Brie de Meux.<\/p>","protected":false},"excerpt":{"rendered":"<p style=\"text-align: justify;\">Formatge franc\u00e8s per excel\u00b7l\u00e8ncia, elaborat a Triconville, per Dong\u00e9.  Un dels formatges de pasta tova m\u00e9s reconeguts. Luc Dong\u00e9 i el seu germ\u00e0 elaboren el millor Brie de Meaux.<\/p>\n<p style=\"text-align: justify;\">Elaborat amb llet crua de vaca, escor\u00e7a natural (penicilium candidum), aroma de bolets, floridura, amb un sabor que recorda bolets silvestres, nata i fruits secs.<\/p>\n<p style=\"text-align: justify;\">Un dels millors Brie de Meux.<\/p>","protected":false},"featured_media":3453,"comment_status":"closed","ping_status":"closed","template":"","meta":[],"product_brand":[],"product_cat":[20],"product_tag":[],"class_list":{"0":"post-2538","1":"product","2":"type-product","3":"status-publish","4":"has-post-thumbnail","6":"product_cat-quesos","7":"pa_animal-vaca","8":"pa_comunidad-region-triconville","9":"pa_cuajo-animal","10":"pa_intensidad-poco-pronunciada","11":"pa_leche-cruda","12":"pa_maridaje-alsace-pinot-noir","13":"pa_maridaje-champagne","14":"pa_maridaje-tinto-joven","15":"pa_pais-francia","16":"pa_peso-1kg","17":"pa_peso-250g","18":"pa_peso-500g","19":"pa_tiempo-maduracion-5-8-semanas","20":"pa_tipo-pasta-blando","22":"first","23":"outofstock","24":"taxable","25":"shipping-taxable","26":"purchasable","27":"product-type-variable"},"_links":{"self":[{"href":"https:\/\/www.canquim.es\/ca\/wp-json\/wp\/v2\/product\/2538","targetHints":{"allow":["GET"]}}],"collection":[{"href":"https:\/\/www.canquim.es\/ca\/wp-json\/wp\/v2\/product"}],"about":[{"href":"https:\/\/www.canquim.es\/ca\/wp-json\/wp\/v2\/types\/product"}],"replies":[{"embeddable":true,"href":"https:\/\/www.canquim.es\/ca\/wp-json\/wp\/v2\/comments?post=2538"}],"version-history":[{"count":0,"href":"https:\/\/www.canquim.es\/ca\/wp-json\/wp\/v2\/product\/2538\/revisions"}],"wp:featuredmedia":[{"embeddable":true,"href":"https:\/\/www.canquim.es\/ca\/wp-json\/wp\/v2\/media\/3453"}],"wp:attachment":[{"href":"https:\/\/www.canquim.es\/ca\/wp-json\/wp\/v2\/media?parent=2538"}],"wp:term":[{"taxonomy":"product_brand","embeddable":true,"href":"https:\/\/www.canquim.es\/ca\/wp-json\/wp\/v2\/product_brand?post=2538"},{"taxonomy":"product_cat","embeddable":true,"href":"https:\/\/www.canquim.es\/ca\/wp-json\/wp\/v2\/product_cat?post=2538"},{"taxonomy":"product_tag","embeddable":true,"href":"https:\/\/www.canquim.es\/ca\/wp-json\/wp\/v2\/product_tag?post=2538"}],"curies":[{"name":"wp","href":"https:\/\/api.w.org\/{rel}","templated":true}]}}