{"id":2550,"date":"2024-11-11T11:08:14","date_gmt":"2024-11-11T10:08:14","guid":{"rendered":"https:\/\/www.canquim.es\/?post_type=product&#038;p=2550"},"modified":"2024-11-12T17:45:47","modified_gmt":"2024-11-12T16:45:47","slug":"tres-leches-de-pria-rojo","status":"publish","type":"product","link":"https:\/\/www.canquim.es\/ca\/producto\/tres-leches-de-pria-rojo\/","title":{"rendered":"Tres Llets de Pr\u00eda Rojo"},"content":{"rendered":"<p style=\"text-align: justify;\">A la formatgeria Lacteos In\u00e9s Granda, situada a Llames, Ast\u00faries, trobem aquest formatge blau elaborat amb llet pasteuritzada de vaca, ovella i cabra. De sabor fort, fumat, picant, curat i amb la caracter\u00edstica dels formatges blaus. Segons la seva maduraci\u00f3 ho fa m\u00e9s trencad\u00eds al tall. Un formatge que no deixa indiferent ning\u00fa, tant pel seu sabor com pel color, queda fant\u00e0stic en una taula de formatges.<\/p>\n<p><strong>AL\u00b7L\u00c8RGENS: CAROTENO, OU (LLISOZIMA), PEBR\u00d3<\/strong>.<\/p>","protected":false},"excerpt":{"rendered":"<p style=\"text-align: justify;\">A la formatgeria Lacteos In\u00e9s Granda, situada a Llames, Ast\u00faries, trobem aquest formatge blau elaborat amb llet pasteuritzada de vaca, ovella i cabra. De sabor fort, fumat, picant, curat i amb la caracter\u00edstica dels formatges blaus. Segons la seva maduraci\u00f3 ho fa m\u00e9s trencad\u00eds al tall. Un formatge que no deixa indiferent ning\u00fa, tant pel seu sabor com pel color, queda fant\u00e0stic en una taula de formatges.<\/p>\n<p><strong>AL\u00b7L\u00c8RGENS: CAROTENO, OU (LLISOZIMA), PEBR\u00d3<\/strong><\/p>","protected":false},"featured_media":0,"comment_status":"open","ping_status":"closed","template":"","meta":[],"product_brand":[],"product_cat":[20],"product_tag":[],"class_list":{"0":"post-2550","1":"product","2":"type-product","3":"status-publish","5":"product_cat-quesos","6":"pa_alergenos-caroteno","7":"pa_alergenos-huevo-lisozima","8":"pa_alergenos-pimenton","9":"pa_animal-cabra","10":"pa_animal-ovella","11":"pa_animal-vaca","12":"pa_comunidad-region-asturias","13":"pa_cuajo-animal","14":"pa_intensidad-molt-fort","15":"pa_leche-pasteurizada","16":"pa_maridaje-ribera-del-duero","17":"pa_maridaje-vi-negre","18":"pa_pais-espana","19":"pa_peso-1kg","20":"pa_peso-250g","21":"pa_peso-500g","22":"pa_tiempo-maduracion-2-a-3-meses","23":"pa_tipo-pasta-semiduro","24":"wcpa_has_options","26":"first","27":"outofstock","28":"taxable","29":"shipping-taxable","30":"purchasable","31":"product-type-variable"},"_links":{"self":[{"href":"https:\/\/www.canquim.es\/ca\/wp-json\/wp\/v2\/product\/2550","targetHints":{"allow":["GET"]}}],"collection":[{"href":"https:\/\/www.canquim.es\/ca\/wp-json\/wp\/v2\/product"}],"about":[{"href":"https:\/\/www.canquim.es\/ca\/wp-json\/wp\/v2\/types\/product"}],"replies":[{"embeddable":true,"href":"https:\/\/www.canquim.es\/ca\/wp-json\/wp\/v2\/comments?post=2550"}],"version-history":[{"count":0,"href":"https:\/\/www.canquim.es\/ca\/wp-json\/wp\/v2\/product\/2550\/revisions"}],"wp:attachment":[{"href":"https:\/\/www.canquim.es\/ca\/wp-json\/wp\/v2\/media?parent=2550"}],"wp:term":[{"taxonomy":"product_brand","embeddable":true,"href":"https:\/\/www.canquim.es\/ca\/wp-json\/wp\/v2\/product_brand?post=2550"},{"taxonomy":"product_cat","embeddable":true,"href":"https:\/\/www.canquim.es\/ca\/wp-json\/wp\/v2\/product_cat?post=2550"},{"taxonomy":"product_tag","embeddable":true,"href":"https:\/\/www.canquim.es\/ca\/wp-json\/wp\/v2\/product_tag?post=2550"}],"curies":[{"name":"wp","href":"https:\/\/api.w.org\/{rel}","templated":true}]}}