{"id":2558,"date":"2024-11-11T11:09:22","date_gmt":"2024-11-11T10:09:22","guid":{"rendered":"https:\/\/www.canquim.es\/?post_type=product&#038;p=2558"},"modified":"2024-11-12T17:45:17","modified_gmt":"2024-11-12T16:45:17","slug":"gouda-trufado-villa-truffo","status":"publish","type":"product","link":"https:\/\/www.canquim.es\/ca\/producto\/gouda-trufado-villa-truffo\/","title":{"rendered":"Gouda trufat Villa Truffo"},"content":{"rendered":"<p style=\"text-align: justify;\">Formatge artes\u00e0 de vaca termitzada. Cont\u00e9 trossets de t\u00f2fona a l&#039;interior per\u00f2 la quantitat justa per no amagar el formatge. Procedent dels Pa\u00efsos Baixos.<\/p>\n<p style=\"text-align: justify;\">Formatge l\u00e0ctic, crem\u00f3s a paladar, fundent, perfecte per a taules de formatge o per fondre en raclette. Escor\u00e7a no comestible.<\/p>\n<p><strong>AL\u00b7L\u00c8RGENS: BOLETS<\/strong><\/p>","protected":false},"excerpt":{"rendered":"<p style=\"text-align: justify;\">Formatge artes\u00e0 de vaca termitzada. Cont\u00e9 trossets de t\u00f2fona a l&#039;interior per\u00f2 la quantitat justa per no amagar el formatge. Procedent dels Pa\u00efsos Baixos.<\/p>\n<p style=\"text-align: justify;\">Formatge l\u00e0ctic, crem\u00f3s a paladar, fundent, perfecte per a taules de formatge o per fondre en raclette. Escor\u00e7a no comestible.<\/p>\n<p><strong>AL\u00b7L\u00c8RGENS: BOLETS<\/strong><\/p>","protected":false},"featured_media":0,"comment_status":"open","ping_status":"closed","template":"","meta":[],"product_brand":[],"product_cat":[20],"product_tag":[],"class_list":{"0":"post-2558","1":"product","2":"type-product","3":"status-publish","5":"product_cat-quesos","6":"pa_alergenos-setas","7":"pa_animal-vaca","8":"pa_comunidad-region-gouda","9":"pa_cuajo-animal","10":"pa_intensidad-pronunciada","11":"pa_leche-termizada","12":"pa_maridaje-pinot-noir","13":"pa_pais-paises-bajos","14":"pa_peso-1kg","15":"pa_peso-250g","16":"pa_peso-500g","17":"pa_tipo-pasta-semiduro","18":"wcpa_has_options","20":"first","21":"outofstock","22":"taxable","23":"shipping-taxable","24":"product-type-variable"},"_links":{"self":[{"href":"https:\/\/www.canquim.es\/ca\/wp-json\/wp\/v2\/product\/2558","targetHints":{"allow":["GET"]}}],"collection":[{"href":"https:\/\/www.canquim.es\/ca\/wp-json\/wp\/v2\/product"}],"about":[{"href":"https:\/\/www.canquim.es\/ca\/wp-json\/wp\/v2\/types\/product"}],"replies":[{"embeddable":true,"href":"https:\/\/www.canquim.es\/ca\/wp-json\/wp\/v2\/comments?post=2558"}],"version-history":[{"count":0,"href":"https:\/\/www.canquim.es\/ca\/wp-json\/wp\/v2\/product\/2558\/revisions"}],"wp:attachment":[{"href":"https:\/\/www.canquim.es\/ca\/wp-json\/wp\/v2\/media?parent=2558"}],"wp:term":[{"taxonomy":"product_brand","embeddable":true,"href":"https:\/\/www.canquim.es\/ca\/wp-json\/wp\/v2\/product_brand?post=2558"},{"taxonomy":"product_cat","embeddable":true,"href":"https:\/\/www.canquim.es\/ca\/wp-json\/wp\/v2\/product_cat?post=2558"},{"taxonomy":"product_tag","embeddable":true,"href":"https:\/\/www.canquim.es\/ca\/wp-json\/wp\/v2\/product_tag?post=2558"}],"curies":[{"name":"wp","href":"https:\/\/api.w.org\/{rel}","templated":true}]}}