{"id":3021,"date":"2024-11-11T15:58:36","date_gmt":"2024-11-11T14:58:36","guid":{"rendered":"https:\/\/www.canquim.es\/?post_type=product&#038;p=3021"},"modified":"2024-11-12T17:44:27","modified_gmt":"2024-11-12T16:44:27","slug":"lighthouse-fyrtarnsost","status":"publish","type":"product","link":"https:\/\/www.canquim.es\/ca\/producto\/lighthouse-fyrtarnsost\/","title":{"rendered":"Lighthouse \/ Fyrt\u00e5rnsost"},"content":{"rendered":"<p style=\"text-align: justify;\">A Dinamarca, en un poble anomenat Thise trobem aquest formatge curat de pasta dura, premsada, cuita, de llet pasteuritzada de vaca. A causa de la curaci\u00f3 extra de m\u00e9s de 12 mesos, trobarem a la boca els famosos cristalls d&#039;un formatge curat, la tirosina. Escor\u00e7a encerada, no comestible, un formatge ecol\u00f2gic.<\/p>\n<p style=\"text-align: justify;\">El 2008, van elaborar el formatge Vesterhavsost (Formatge del Mar del Nord), i 14 anys despr\u00e9s elaboren el mateix per\u00f2 amb una curaci\u00f3 extra, m\u00ednim 12 mesos, on se&#039;n diu Lighthouse (far en angl\u00e8s), perqu\u00e8 la seva curaci\u00f3 \u00e9s l&#039;antic far de Bovbjerg ubicat a l&#039;Atl\u00e0ntic.<\/p>","protected":false},"excerpt":{"rendered":"<p style=\"text-align: justify;\">A Dinamarca, en un poble anomenat Thise trobem aquest formatge curat de pasta dura, premsada, cuita, de llet pasteuritzada de vaca. A causa de la curaci\u00f3 extra de m\u00e9s de 12 mesos, trobarem a la boca els famosos cristalls d&#039;un formatge curat, la tirosina. Escor\u00e7a encerada, no comestible, un formatge ecol\u00f2gic.<\/p>\n<p style=\"text-align: justify;\">El 2008, van elaborar el formatge Vesterhavsost (Formatge del Mar del Nord), i 14 anys despr\u00e9s elaboren el mateix per\u00f2 amb una curaci\u00f3 extra, m\u00ednim 12 mesos, on se&#039;n diu Lighthouse (far en angl\u00e8s), perqu\u00e8 la seva curaci\u00f3 \u00e9s l&#039;antic far de Bovbjerg ubicat a l&#039;Atl\u00e0ntic.<\/p>","protected":false},"featured_media":0,"comment_status":"closed","ping_status":"closed","template":"","meta":[],"product_brand":[],"product_cat":[20],"product_tag":[],"class_list":{"0":"post-3021","1":"product","2":"type-product","3":"status-publish","5":"product_cat-quesos","6":"pa_animal-vaca","7":"pa_comunidad-region-jutlandia-central","8":"pa_cuajo-animal","9":"pa_intensidad-pronunciada","10":"pa_leche-ecologica","11":"pa_leche-pasteurizada","12":"pa_maridaje-cervesa","13":"pa_maridaje-vino-blanco","14":"pa_pais-dinamarca","15":"pa_peso-1kg","16":"pa_peso-250g","17":"pa_peso-500g","18":"pa_tiempo-maduracion-12-meses-minimo","19":"pa_tipo-pasta-duro","20":"wcpa_has_options","22":"first","23":"outofstock","24":"taxable","25":"shipping-taxable","26":"product-type-variable"},"_links":{"self":[{"href":"https:\/\/www.canquim.es\/ca\/wp-json\/wp\/v2\/product\/3021","targetHints":{"allow":["GET"]}}],"collection":[{"href":"https:\/\/www.canquim.es\/ca\/wp-json\/wp\/v2\/product"}],"about":[{"href":"https:\/\/www.canquim.es\/ca\/wp-json\/wp\/v2\/types\/product"}],"replies":[{"embeddable":true,"href":"https:\/\/www.canquim.es\/ca\/wp-json\/wp\/v2\/comments?post=3021"}],"version-history":[{"count":0,"href":"https:\/\/www.canquim.es\/ca\/wp-json\/wp\/v2\/product\/3021\/revisions"}],"wp:attachment":[{"href":"https:\/\/www.canquim.es\/ca\/wp-json\/wp\/v2\/media?parent=3021"}],"wp:term":[{"taxonomy":"product_brand","embeddable":true,"href":"https:\/\/www.canquim.es\/ca\/wp-json\/wp\/v2\/product_brand?post=3021"},{"taxonomy":"product_cat","embeddable":true,"href":"https:\/\/www.canquim.es\/ca\/wp-json\/wp\/v2\/product_cat?post=3021"},{"taxonomy":"product_tag","embeddable":true,"href":"https:\/\/www.canquim.es\/ca\/wp-json\/wp\/v2\/product_tag?post=3021"}],"curies":[{"name":"wp","href":"https:\/\/api.w.org\/{rel}","templated":true}]}}