{"id":3025,"date":"2024-11-11T15:55:28","date_gmt":"2024-11-11T14:55:28","guid":{"rendered":"https:\/\/www.canquim.es\/?post_type=product&#038;p=3025"},"modified":"2024-11-12T17:44:51","modified_gmt":"2024-11-12T16:44:51","slug":"sudao-de-cabra","status":"publish","type":"product","link":"https:\/\/www.canquim.es\/ca\/producto\/sudao-de-cabra\/","title":{"rendered":"Sudau de Cabra"},"content":{"rendered":"<p>En la comunidad de Extremadura, en la provincia de Badajoz encontramos el queso Sudao, queso de cabra artesano, de leche cruda, pasta blanda cuajo, sal y fermentos l\u00e1cticos. Las cabras de Rub\u00e9n proceden de su propia ganader\u00eda, de raza retinta y serrana.<\/p>\n<p>Este queso de cabra ha sido elaborado artesanalmente con leche cruda y madurado m\u00ednimo 60 d\u00edas en tablas de madera.\u00a0Corteza natural, \u00a0lavada y comestible. Su textura en boca, es fina, el\u00e1stica, con sabor suave caracter\u00edstico de la cabra.<\/p>\n<p>Peso pieza 900 gramos aproximadamente<\/p>\n<p><strong>AL\u00c9RGENOS: \u00a0LISOZIMA (HUEVO)<\/strong><\/p>\n<p>[:]<\/p>\n","protected":false},"excerpt":{"rendered":"<p>En la comunidad de Extremadura, en la provincia de Badajoz encontramos el queso Sudao, queso de cabra artesano, de leche cruda, pasta blanda cuajo, sal y fermentos l\u00e1cticos. Las cabras de Rub\u00e9n proceden de su propia ganader\u00eda, de raza retinta y serrana.<\/p>\n<p>Este queso de cabra ha sido elaborado artesanalmente con leche cruda y madurado m\u00ednimo 60 d\u00edas en tablas de madera.\u00a0Corteza natural, \u00a0lavada y comestible. Su textura en boca, es fina, el\u00e1stica, con sabor suave caracter\u00edstico de la cabra.<\/p>\n<p>Peso pieza 900 gramos aproximadamente.<\/p>\n<p><strong>AL\u00c9RGENOS: \u00a0LISOZIMA (HUEVO)<\/strong><\/p>\n<p>[:]<\/p>\n","protected":false},"featured_media":3368,"comment_status":"open","ping_status":"closed","template":"","meta":[],"product_brand":[],"product_cat":[20],"product_tag":[],"class_list":{"0":"post-3025","1":"product","2":"type-product","3":"status-publish","4":"has-post-thumbnail","6":"product_cat-quesos","7":"pa_alergenos-huevo-lisozima","8":"pa_animal-cabra","9":"pa_comunidad-region-badajoz","10":"pa_comunidad-region-extremadura","11":"pa_cuajo-animal","12":"pa_intensidad-poco-pronunciada","13":"pa_leche-cruda","14":"pa_maridaje-chardonnay","15":"pa_maridaje-vino-blanco","16":"pa_pais-espana","17":"pa_peso-1-pieza","18":"pa_peso-1-2-pieza","19":"pa_tiempo-maduracion-60-dias-minimo","20":"pa_tipo-pasta-semiduro","21":"wcpa_has_options","23":"first","24":"outofstock","25":"taxable","26":"shipping-taxable","27":"purchasable","28":"product-type-variable"},"_links":{"self":[{"href":"https:\/\/www.canquim.es\/ca\/wp-json\/wp\/v2\/product\/3025","targetHints":{"allow":["GET"]}}],"collection":[{"href":"https:\/\/www.canquim.es\/ca\/wp-json\/wp\/v2\/product"}],"about":[{"href":"https:\/\/www.canquim.es\/ca\/wp-json\/wp\/v2\/types\/product"}],"replies":[{"embeddable":true,"href":"https:\/\/www.canquim.es\/ca\/wp-json\/wp\/v2\/comments?post=3025"}],"version-history":[{"count":0,"href":"https:\/\/www.canquim.es\/ca\/wp-json\/wp\/v2\/product\/3025\/revisions"}],"wp:featuredmedia":[{"embeddable":true,"href":"https:\/\/www.canquim.es\/ca\/wp-json\/wp\/v2\/media\/3368"}],"wp:attachment":[{"href":"https:\/\/www.canquim.es\/ca\/wp-json\/wp\/v2\/media?parent=3025"}],"wp:term":[{"taxonomy":"product_brand","embeddable":true,"href":"https:\/\/www.canquim.es\/ca\/wp-json\/wp\/v2\/product_brand?post=3025"},{"taxonomy":"product_cat","embeddable":true,"href":"https:\/\/www.canquim.es\/ca\/wp-json\/wp\/v2\/product_cat?post=3025"},{"taxonomy":"product_tag","embeddable":true,"href":"https:\/\/www.canquim.es\/ca\/wp-json\/wp\/v2\/product_tag?post=3025"}],"curies":[{"name":"wp","href":"https:\/\/api.w.org\/{rel}","templated":true}]}}