{"id":3075,"date":"2024-11-11T10:35:58","date_gmt":"2024-11-11T09:35:58","guid":{"rendered":"https:\/\/www.canquim.es\/?post_type=product&#038;p=3075"},"modified":"2024-11-12T17:46:41","modified_gmt":"2024-11-12T16:46:41","slug":"roble-de-campollano-trufado","status":"publish","type":"product","link":"https:\/\/www.canquim.es\/ca\/producto\/roble-de-campollano-trufado\/","title":{"rendered":"Roure de Campollano trufat"},"content":{"rendered":"<p style=\"text-align: justify;\">A Castella-la Manxa, des de la mateixa manera que elaboren el formatge Manchego, elaboren aquest formatge d&#039;ovella de llet crua, de races creuades Manchega amb Lacaunede. Quan el formatge ha madurat un m\u00ednim de sis mesos, li injecten oli d&#039;oliva trufat, juntament amb la t\u00f2fona Tuber Melanosporum de Terol. Un formatge equilibrat pel que fa al sabor ja que la t\u00f2fona no amaga el sabor del formatge. Un \u00e8xit a la nostra botiga f\u00edsica.<\/p>\n<p><strong>AL\u00b7L\u00c8RGENS: LISOZIMA (OU), BOLETS.<\/strong><\/p>","protected":false},"excerpt":{"rendered":"<p style=\"text-align: justify;\">A Castella-la Manxa, des de la mateixa manera que elaboren el formatge Manchego, elaboren aquest formatge d&#039;ovella de llet crua, de races creuades Manchega amb Lacaunede. Quan el formatge ha madurat un m\u00ednim de sis mesos, li injecten oli d&#039;oliva trufat, juntament amb la t\u00f2fona Tubermelanosporum de Terol. Un formatge equilibrat pel que fa al sabor ja que la t\u00f2fona no amaga el sabor del formatge. Un \u00e8xit a la nostra botiga f\u00edsica.<\/p>\n<p><strong>AL\u00b7L\u00c8RGENS: LISOZIMA (OU), BOLETS.<\/strong><\/p>","protected":false},"featured_media":0,"comment_status":"open","ping_status":"closed","template":"","meta":[],"product_brand":[],"product_cat":[20],"product_tag":[],"class_list":{"0":"post-3075","1":"product","2":"type-product","3":"status-publish","5":"product_cat-quesos","6":"pa_alergenos-huevo-lisozima","7":"pa_alergenos-setas","8":"pa_animal-ovella","9":"pa_comunidad-region-castilla-la-mancha","10":"pa_comunidad-region-ciudad-real","11":"pa_cuajo-animal","12":"pa_intensidad-fort","13":"pa_leche-cruda","14":"pa_maridaje-albarino","15":"pa_maridaje-merlot-tinto","16":"pa_maridaje-shyrah","17":"pa_pais-espana","18":"pa_peso-1kg","19":"pa_peso-250g","20":"pa_peso-500g","21":"pa_tiempo-maduracion-minimo-6-meses","22":"pa_tipo-pasta-duro","23":"wcpa_has_options","25":"first","26":"outofstock","27":"taxable","28":"shipping-taxable","29":"product-type-variable"},"_links":{"self":[{"href":"https:\/\/www.canquim.es\/ca\/wp-json\/wp\/v2\/product\/3075","targetHints":{"allow":["GET"]}}],"collection":[{"href":"https:\/\/www.canquim.es\/ca\/wp-json\/wp\/v2\/product"}],"about":[{"href":"https:\/\/www.canquim.es\/ca\/wp-json\/wp\/v2\/types\/product"}],"replies":[{"embeddable":true,"href":"https:\/\/www.canquim.es\/ca\/wp-json\/wp\/v2\/comments?post=3075"}],"version-history":[{"count":0,"href":"https:\/\/www.canquim.es\/ca\/wp-json\/wp\/v2\/product\/3075\/revisions"}],"wp:attachment":[{"href":"https:\/\/www.canquim.es\/ca\/wp-json\/wp\/v2\/media?parent=3075"}],"wp:term":[{"taxonomy":"product_brand","embeddable":true,"href":"https:\/\/www.canquim.es\/ca\/wp-json\/wp\/v2\/product_brand?post=3075"},{"taxonomy":"product_cat","embeddable":true,"href":"https:\/\/www.canquim.es\/ca\/wp-json\/wp\/v2\/product_cat?post=3075"},{"taxonomy":"product_tag","embeddable":true,"href":"https:\/\/www.canquim.es\/ca\/wp-json\/wp\/v2\/product_tag?post=3075"}],"curies":[{"name":"wp","href":"https:\/\/api.w.org\/{rel}","templated":true}]}}