{"id":3083,"date":"2024-11-10T08:17:04","date_gmt":"2024-11-10T07:17:04","guid":{"rendered":"https:\/\/www.canquim.es\/?post_type=product&#038;p=3083"},"modified":"2024-11-12T17:48:53","modified_gmt":"2024-11-12T16:48:53","slug":"bayley-hazen-blue-eeuu","status":"publish","type":"product","link":"https:\/\/www.canquim.es\/ca\/producto\/bayley-hazen-blue-eeuu\/","title":{"rendered":"Bayley Hazen Blue EUA"},"content":{"rendered":"<p style=\"text-align: justify;\">Al nord-est dels Estats Units a Vermont, a la granja Jasper Hill elaboren el formatge Bayley, un formatge blau de vaca de llet crua, la textura similar a la dol\u00e7a de sucre, la dol\u00e7or de nou torrada i el car\u00e0cter d&#039;esp\u00e8cies d&#039;an\u00eds. La pasta \u00e9s densa i cremosa, amb venes blaves ben distribu\u00efdes. El car\u00e0cter picant habitual del formatge blau \u00e9s subtil, donant pas als sabors d&#039;herba i nou a la llet.<\/p>","protected":false},"excerpt":{"rendered":"<p style=\"text-align: justify;\">Al nord-est dels Estats Units a Vermont, a la granja Jasper Hill elaboren el formatge Bayley, un formatge blau de vaca de llet crua, la textura similar a la dol\u00e7a de sucre, la dol\u00e7or de nou torrada i el car\u00e0cter d&#039;esp\u00e8cies d&#039;an\u00eds. La pasta \u00e9s densa i cremosa, amb venes blaves ben distribu\u00efdes. El car\u00e0cter picant habitual del formatge blau \u00e9s subtil, donant pas als sabors d&#039;herba i nou a la llet.<\/p>","protected":false},"featured_media":0,"comment_status":"open","ping_status":"closed","template":"","meta":[],"product_brand":[],"product_cat":[20],"product_tag":[],"class_list":{"0":"post-3083","1":"product","2":"type-product","3":"status-publish","5":"product_cat-quesos","6":"pa_animal-vaca","7":"pa_comunidad-region-vermont","8":"pa_intensidad-fort","9":"pa_leche-cruda","10":"pa_maridaje-cerveza-negra","11":"pa_maridaje-vi-de-postres","12":"pa_pais-estados-unidos","13":"pa_peso-250g","14":"pa_peso-500g","15":"pa_tiempo-maduracion-3-4-meses","16":"pa_tipo-pasta-semiduro","17":"wcpa_has_options","19":"first","20":"outofstock","21":"sold-individually","22":"taxable","23":"shipping-taxable","24":"product-type-variable"},"_links":{"self":[{"href":"https:\/\/www.canquim.es\/ca\/wp-json\/wp\/v2\/product\/3083","targetHints":{"allow":["GET"]}}],"collection":[{"href":"https:\/\/www.canquim.es\/ca\/wp-json\/wp\/v2\/product"}],"about":[{"href":"https:\/\/www.canquim.es\/ca\/wp-json\/wp\/v2\/types\/product"}],"replies":[{"embeddable":true,"href":"https:\/\/www.canquim.es\/ca\/wp-json\/wp\/v2\/comments?post=3083"}],"version-history":[{"count":0,"href":"https:\/\/www.canquim.es\/ca\/wp-json\/wp\/v2\/product\/3083\/revisions"}],"wp:attachment":[{"href":"https:\/\/www.canquim.es\/ca\/wp-json\/wp\/v2\/media?parent=3083"}],"wp:term":[{"taxonomy":"product_brand","embeddable":true,"href":"https:\/\/www.canquim.es\/ca\/wp-json\/wp\/v2\/product_brand?post=3083"},{"taxonomy":"product_cat","embeddable":true,"href":"https:\/\/www.canquim.es\/ca\/wp-json\/wp\/v2\/product_cat?post=3083"},{"taxonomy":"product_tag","embeddable":true,"href":"https:\/\/www.canquim.es\/ca\/wp-json\/wp\/v2\/product_tag?post=3083"}],"curies":[{"name":"wp","href":"https:\/\/api.w.org\/{rel}","templated":true}]}}