{"id":3095,"date":"2024-11-10T08:25:53","date_gmt":"2024-11-10T07:25:53","guid":{"rendered":"https:\/\/www.canquim.es\/?post_type=product&#038;p=3095"},"modified":"2024-11-12T17:47:44","modified_gmt":"2024-11-12T16:47:44","slug":"alpha-tolman-eeuu","status":"publish","type":"product","link":"https:\/\/www.canquim.es\/ca\/producto\/alpha-tolman-eeuu\/","title":{"rendered":"Alpha Tolman EUA"},"content":{"rendered":"<p style=\"text-align: justify;\">Al nord-est dels Estats Units a Vermont, a la granja Jasper Hill elaboren el formatge Alpha Tolman, un formatge alp\u00ed de vaca de llet crua, amb una curaci\u00f3 a partir de 8 mesos, on ens recorda un Appenzeller su\u00eds. Pasta premsada, textura flexible, de sabor carni a mesura que va madurant. Formatge ideal tant per a taules com per a una raclette o fondue.<\/p>","protected":false},"excerpt":{"rendered":"<p style=\"text-align: justify;\">Al nord-est dels Estats Units a Vermont, a la granja Jasper Hill elaboren el formatge Alpha Tolman, un formatge alp\u00ed de vaca de llet crua, amb una curaci\u00f3 a partir de 8 mesos, on ens recorda un Appenzeller su\u00eds. Pasta premsada, textura flexible, de sabor carni a mesura que va madurant. Formatge ideal tant per a taules com per a una raclette o fondue.<\/p>","protected":false},"featured_media":0,"comment_status":"open","ping_status":"closed","template":"","meta":[],"product_brand":[],"product_cat":[20],"product_tag":[],"class_list":{"0":"post-3095","1":"product","2":"type-product","3":"status-publish","5":"product_cat-quesos","6":"pa_animal-vaca","7":"pa_comunidad-region-vermont","8":"pa_cuajo-animal","9":"pa_intensidad-pronunciada","10":"pa_leche-cruda","11":"pa_maridaje-cabernet-franc","12":"pa_maridaje-vino-tinto-con-pocos-taninos","13":"pa_pais-estados-unidos","14":"pa_peso-250g","15":"pa_peso-500g","16":"pa_tiempo-maduracion-8-a-11-meses","17":"pa_tipo-pasta-duro","18":"wcpa_has_options","20":"first","21":"outofstock","22":"sold-individually","23":"taxable","24":"shipping-taxable","25":"product-type-variable"},"_links":{"self":[{"href":"https:\/\/www.canquim.es\/ca\/wp-json\/wp\/v2\/product\/3095","targetHints":{"allow":["GET"]}}],"collection":[{"href":"https:\/\/www.canquim.es\/ca\/wp-json\/wp\/v2\/product"}],"about":[{"href":"https:\/\/www.canquim.es\/ca\/wp-json\/wp\/v2\/types\/product"}],"replies":[{"embeddable":true,"href":"https:\/\/www.canquim.es\/ca\/wp-json\/wp\/v2\/comments?post=3095"}],"version-history":[{"count":0,"href":"https:\/\/www.canquim.es\/ca\/wp-json\/wp\/v2\/product\/3095\/revisions"}],"wp:attachment":[{"href":"https:\/\/www.canquim.es\/ca\/wp-json\/wp\/v2\/media?parent=3095"}],"wp:term":[{"taxonomy":"product_brand","embeddable":true,"href":"https:\/\/www.canquim.es\/ca\/wp-json\/wp\/v2\/product_brand?post=3095"},{"taxonomy":"product_cat","embeddable":true,"href":"https:\/\/www.canquim.es\/ca\/wp-json\/wp\/v2\/product_cat?post=3095"},{"taxonomy":"product_tag","embeddable":true,"href":"https:\/\/www.canquim.es\/ca\/wp-json\/wp\/v2\/product_tag?post=3095"}],"curies":[{"name":"wp","href":"https:\/\/api.w.org\/{rel}","templated":true}]}}