{"id":3101,"date":"2024-11-10T08:17:29","date_gmt":"2024-11-10T07:17:29","guid":{"rendered":"https:\/\/www.canquim.es\/?post_type=product&#038;p=3101"},"modified":"2024-11-12T17:48:19","modified_gmt":"2024-11-12T16:48:19","slug":"gruyere-alpage-aop","status":"publish","type":"product","link":"https:\/\/www.canquim.es\/ca\/producto\/gruyere-alpage-aop\/","title":{"rendered":"Gruy\u00e8re Alpage AOP"},"content":{"rendered":"<p style=\"text-align: justify;\">Si penses en un formatge de Su\u00efssa, segurament en el primer que pensis sigui al Gruy\u00e8re. Al Caton de Friburg, on les vaques han pasturat a la primavera, s&#039;obt\u00e9 una llet amb sabor inigualable. Despr\u00e9s d&#039;esperar 24 mesos, tindrem un formatge de vaca de llet crua, de textura ferma, amb notes c\u00e0rnies, afruitades, fruita seca i tirosina. Un aut\u00e8ntic Gruy\u00e8re!<\/p>","protected":false},"excerpt":{"rendered":"<p style=\"text-align: justify;\">Si penses en un formatge de Su\u00efssa, segurament en el primer que pensis sigui al Gruy\u00e8re. Al Caton de Friburg, on les vaques han pasturat a la primavera, s&#039;obt\u00e9 una llet amb sabor inigualable. Despr\u00e9s d&#039;esperar 24 mesos, tindrem un formatge de vaca de llet crua, de textura ferma, amb notes c\u00e0rnies, afruitades, fruita seca i tirosina. Un aut\u00e8ntic Gruy\u00e8re!<\/p>","protected":false},"featured_media":0,"comment_status":"open","ping_status":"closed","template":"","meta":[],"product_brand":[],"product_cat":[20],"product_tag":[],"class_list":{"0":"post-3101","1":"product","2":"type-product","3":"status-publish","5":"product_cat-quesos","6":"pa_animal-vaca","7":"pa_comunidad-region-friburgo","8":"pa_intensidad-pronunciada","9":"pa_leche-cruda","10":"pa_maridaje-albarino","11":"pa_maridaje-vino-blanco-afrutado","12":"pa_pais-suiza","13":"pa_peso-1kg","14":"pa_peso-250g","15":"pa_peso-500g","16":"pa_tiempo-maduracion-24-meses","17":"pa_tipo-pasta-duro","18":"wcpa_has_options","20":"first","21":"outofstock","22":"taxable","23":"shipping-taxable","24":"product-type-variable"},"_links":{"self":[{"href":"https:\/\/www.canquim.es\/ca\/wp-json\/wp\/v2\/product\/3101","targetHints":{"allow":["GET"]}}],"collection":[{"href":"https:\/\/www.canquim.es\/ca\/wp-json\/wp\/v2\/product"}],"about":[{"href":"https:\/\/www.canquim.es\/ca\/wp-json\/wp\/v2\/types\/product"}],"replies":[{"embeddable":true,"href":"https:\/\/www.canquim.es\/ca\/wp-json\/wp\/v2\/comments?post=3101"}],"version-history":[{"count":0,"href":"https:\/\/www.canquim.es\/ca\/wp-json\/wp\/v2\/product\/3101\/revisions"}],"wp:attachment":[{"href":"https:\/\/www.canquim.es\/ca\/wp-json\/wp\/v2\/media?parent=3101"}],"wp:term":[{"taxonomy":"product_brand","embeddable":true,"href":"https:\/\/www.canquim.es\/ca\/wp-json\/wp\/v2\/product_brand?post=3101"},{"taxonomy":"product_cat","embeddable":true,"href":"https:\/\/www.canquim.es\/ca\/wp-json\/wp\/v2\/product_cat?post=3101"},{"taxonomy":"product_tag","embeddable":true,"href":"https:\/\/www.canquim.es\/ca\/wp-json\/wp\/v2\/product_tag?post=3101"}],"curies":[{"name":"wp","href":"https:\/\/api.w.org\/{rel}","templated":true}]}}