{"id":3106,"date":"2024-11-12T11:09:33","date_gmt":"2024-11-12T10:09:33","guid":{"rendered":"https:\/\/www.canquim.es\/?post_type=product&#038;p=3106"},"modified":"2024-11-16T11:38:09","modified_gmt":"2024-11-16T10:38:09","slug":"raclette-rolf-beeler","status":"publish","type":"product","link":"https:\/\/www.canquim.es\/ca\/producto\/raclette-rolf-beeler\/","title":{"rendered":"Raclette Rolf Beeler"},"content":{"rendered":"<p style=\"text-align: justify;\">Des de fa m\u00e9s de 11 anys, treballem amb Rolf Beeler, un mestre formatger de Su\u00efssa. A Valais, madura m\u00ednim 4 mesos. Una aut\u00e8ntica raclette alpina, de granja, llet crua, pasta compacta, nota picant per la curaci\u00f3. Qui la prova, repeteix. Nota: L&#039;escor\u00e7a \u00e9s comestible.<\/p>","protected":false},"excerpt":{"rendered":"<p style=\"text-align: justify;\">Des de fa m\u00e9s de 11 anys, treballem amb Rolf Beeler, un mestre formatger de Su\u00efssa. A Valais, madura m\u00ednim 4 mesos. Una aut\u00e8ntica raclette alpina, de granja, llet crua, pasta compacta, nota picant per la curaci\u00f3. Qui la prova, repeteix. Nota: L&#039;escor\u00e7a \u00e9s comestible.<\/p>","protected":false},"featured_media":0,"comment_status":"open","ping_status":"closed","template":"","meta":[],"product_brand":[],"product_cat":[20],"product_tag":[],"class_list":{"0":"post-3106","1":"product","2":"type-product","3":"status-publish","5":"product_cat-quesos","6":"pa_animal-vaca","7":"pa_comunidad-region-canton-de-valais","8":"pa_cuajo-animal","9":"pa_intensidad-pronunciada","10":"pa_leche-cruda","11":"pa_maridaje-pinot-blanc","12":"pa_maridaje-vino-blanco-afrutado","13":"pa_pais-suiza","14":"pa_peso-1kg","15":"pa_peso-250g","16":"pa_peso-500g","17":"pa_tiempo-maduracion-minimo-4-mesos","18":"pa_tipo-pasta-duro","19":"wcpa_has_options","21":"first","22":"outofstock","23":"taxable","24":"shipping-taxable","25":"product-type-variable"},"_links":{"self":[{"href":"https:\/\/www.canquim.es\/ca\/wp-json\/wp\/v2\/product\/3106","targetHints":{"allow":["GET"]}}],"collection":[{"href":"https:\/\/www.canquim.es\/ca\/wp-json\/wp\/v2\/product"}],"about":[{"href":"https:\/\/www.canquim.es\/ca\/wp-json\/wp\/v2\/types\/product"}],"replies":[{"embeddable":true,"href":"https:\/\/www.canquim.es\/ca\/wp-json\/wp\/v2\/comments?post=3106"}],"version-history":[{"count":0,"href":"https:\/\/www.canquim.es\/ca\/wp-json\/wp\/v2\/product\/3106\/revisions"}],"wp:attachment":[{"href":"https:\/\/www.canquim.es\/ca\/wp-json\/wp\/v2\/media?parent=3106"}],"wp:term":[{"taxonomy":"product_brand","embeddable":true,"href":"https:\/\/www.canquim.es\/ca\/wp-json\/wp\/v2\/product_brand?post=3106"},{"taxonomy":"product_cat","embeddable":true,"href":"https:\/\/www.canquim.es\/ca\/wp-json\/wp\/v2\/product_cat?post=3106"},{"taxonomy":"product_tag","embeddable":true,"href":"https:\/\/www.canquim.es\/ca\/wp-json\/wp\/v2\/product_tag?post=3106"}],"curies":[{"name":"wp","href":"https:\/\/api.w.org\/{rel}","templated":true}]}}