{"id":3111,"date":"2024-11-12T11:07:19","date_gmt":"2024-11-12T10:07:19","guid":{"rendered":"https:\/\/www.canquim.es\/?post_type=product&#038;p=3111"},"modified":"2024-11-12T17:42:50","modified_gmt":"2024-11-12T16:42:50","slug":"pecorino-moliterno-al-tartufo","status":"publish","type":"product","link":"https:\/\/www.canquim.es\/ca\/producto\/pecorino-moliterno-al-tartufo\/","title":{"rendered":"Pecor\u00ed Molitern al Tartuf"},"content":{"rendered":"<p>A Sardenya, It\u00e0lia, elaboren aquest formatge d&#039;ovella pasteuritzada vetejada de t\u00f2fona. Li injecten una pasta de t\u00f2fona on el gust de t\u00f2fona \u00e9s impregnada per tot el formatge. El nom de Molitern prov\u00e9 de la localitat italiana, on van ser els inicis de la seva elaboraci\u00f3.  El gust de t\u00f2fona \u00e9s molt pronunciat, resultant fins a picant.<\/p>\n<p><strong>AL\u00b7L\u00c8RGENS: BOLETS.<\/strong><\/p>","protected":false},"excerpt":{"rendered":"<p>[:es]En Cerde\u00f1a, Italia, \u00a0elaboran este queso de oveja pasteurizada veteada de trufa. Le inyectan una pasta de trufa donde el sabor a trufa es impregnada por todo el queso. El nombre de Moliterno proviene de la localidad italiana, donde fueron los inicios de su elaboraci\u00f3n. \u00a0El sabor a trufa es muy pronunciado, resultando hasta picante.<\/p>\n<p><strong>AL\u00c9RGENOS: SETAS.<\/strong>[:]<\/p>\n","protected":false},"featured_media":0,"comment_status":"open","ping_status":"closed","template":"","meta":[],"product_brand":[],"product_cat":[20],"product_tag":[],"class_list":{"0":"post-3111","1":"product","2":"type-product","3":"status-publish","5":"product_cat-quesos","6":"pa_alergenos-setas","7":"pa_animal-ovella","8":"pa_comunidad-region-cerdena","9":"pa_cuajo-animal","10":"pa_intensidad-fort","11":"pa_leche-pasteurizada","12":"pa_maridaje-vino-tinto-con-cuerpo","13":"pa_pais-italia","14":"pa_peso-1kg","15":"pa_peso-250g","16":"pa_peso-500g","17":"pa_tiempo-maduracion-5-meses","18":"pa_tipo-pasta-semiduro","19":"wcpa_has_options","21":"first","22":"outofstock","23":"taxable","24":"shipping-taxable","25":"product-type-variable"},"_links":{"self":[{"href":"https:\/\/www.canquim.es\/ca\/wp-json\/wp\/v2\/product\/3111","targetHints":{"allow":["GET"]}}],"collection":[{"href":"https:\/\/www.canquim.es\/ca\/wp-json\/wp\/v2\/product"}],"about":[{"href":"https:\/\/www.canquim.es\/ca\/wp-json\/wp\/v2\/types\/product"}],"replies":[{"embeddable":true,"href":"https:\/\/www.canquim.es\/ca\/wp-json\/wp\/v2\/comments?post=3111"}],"version-history":[{"count":0,"href":"https:\/\/www.canquim.es\/ca\/wp-json\/wp\/v2\/product\/3111\/revisions"}],"wp:attachment":[{"href":"https:\/\/www.canquim.es\/ca\/wp-json\/wp\/v2\/media?parent=3111"}],"wp:term":[{"taxonomy":"product_brand","embeddable":true,"href":"https:\/\/www.canquim.es\/ca\/wp-json\/wp\/v2\/product_brand?post=3111"},{"taxonomy":"product_cat","embeddable":true,"href":"https:\/\/www.canquim.es\/ca\/wp-json\/wp\/v2\/product_cat?post=3111"},{"taxonomy":"product_tag","embeddable":true,"href":"https:\/\/www.canquim.es\/ca\/wp-json\/wp\/v2\/product_tag?post=3111"}],"curies":[{"name":"wp","href":"https:\/\/api.w.org\/{rel}","templated":true}]}}