{"id":3117,"date":"2024-11-09T19:49:23","date_gmt":"2024-11-09T18:49:23","guid":{"rendered":"https:\/\/www.canquim.es\/?post_type=product&#038;p=3117"},"modified":"2024-11-09T19:49:23","modified_gmt":"2024-11-09T18:49:23","slug":"epoisses-dop","status":"publish","type":"product","link":"https:\/\/www.canquim.es\/ca\/producto\/epoisses-dop\/","title":{"rendered":"\u00c9poisses DOP"},"content":{"rendered":"<p style=\"text-align: justify;\">Formatge franc\u00e8s de Borgonya, amb el seu caracter\u00edstic color ataronjat o vermell\u00f3s, la seva escor\u00e7a \u00e9s degut al bacteri Brevibacterium Linens, rentat amb salmorra i Marc de Borgonya (aiguardent), escor\u00e7a brillant i rugosa, en paladar segons la seva maduraci\u00f3, \u00e9s amarg, persistent, untu\u00f3s, crem\u00f3s, potent, la seva olor ens pot recordar que estem en un estable.<\/p>\n<p style=\"text-align: justify;\">Hi ha diversos formats, per\u00f2 nosaltres nom\u00e9s treballem amb peces de 900 grams, tamb\u00e9 poden ser de llet crua o pasteuritzada.<\/p>","protected":false},"excerpt":{"rendered":"<p style=\"text-align: justify;\">Formatge franc\u00e8s de Borgonya, amb el seu caracter\u00edstic color ataronjat o vermell\u00f3s, la seva escor\u00e7a \u00e9s degut al bacteri Brevibacterium Linens, rentat amb salmorra i Marc de Borgonya (aiguardent), escor\u00e7a brillant i rugosa, en paladar segons la seva maduraci\u00f3, \u00e9s amarg, persistent, untu\u00f3s, crem\u00f3s, potent, la seva olor ens pot recordar que estem en un estable.<\/p>\n<p style=\"text-align: justify;\">Hi ha diversos formats, per\u00f2 nosaltres nom\u00e9s treballem amb peces de 900 grams, tamb\u00e9 poden ser de llet crua o pasteuritzada.<\/p>","protected":false},"featured_media":0,"comment_status":"open","ping_status":"closed","template":"","meta":[],"product_brand":[],"product_cat":[20],"product_tag":[],"class_list":{"0":"post-3117","1":"product","2":"type-product","3":"status-publish","5":"product_cat-quesos","6":"pa_animal-vaca","7":"pa_comunidad-region-borgona","8":"pa_cuajo-animal","9":"pa_intensidad-fort","10":"pa_leche-pasteurizada","11":"pa_maridaje-borgona","12":"pa_maridaje-marc-de-borgona","13":"pa_pais-francia","14":"pa_peso-1-pieza","15":"pa_peso-1-2-pieza","16":"pa_peso-1-4-pieza","17":"pa_tiempo-maduracion-6-a-8-semanas","18":"pa_tipo-pasta-blando","20":"first","21":"outofstock","22":"taxable","23":"shipping-taxable","24":"product-type-variable"},"_links":{"self":[{"href":"https:\/\/www.canquim.es\/ca\/wp-json\/wp\/v2\/product\/3117","targetHints":{"allow":["GET"]}}],"collection":[{"href":"https:\/\/www.canquim.es\/ca\/wp-json\/wp\/v2\/product"}],"about":[{"href":"https:\/\/www.canquim.es\/ca\/wp-json\/wp\/v2\/types\/product"}],"replies":[{"embeddable":true,"href":"https:\/\/www.canquim.es\/ca\/wp-json\/wp\/v2\/comments?post=3117"}],"version-history":[{"count":0,"href":"https:\/\/www.canquim.es\/ca\/wp-json\/wp\/v2\/product\/3117\/revisions"}],"wp:attachment":[{"href":"https:\/\/www.canquim.es\/ca\/wp-json\/wp\/v2\/media?parent=3117"}],"wp:term":[{"taxonomy":"product_brand","embeddable":true,"href":"https:\/\/www.canquim.es\/ca\/wp-json\/wp\/v2\/product_brand?post=3117"},{"taxonomy":"product_cat","embeddable":true,"href":"https:\/\/www.canquim.es\/ca\/wp-json\/wp\/v2\/product_cat?post=3117"},{"taxonomy":"product_tag","embeddable":true,"href":"https:\/\/www.canquim.es\/ca\/wp-json\/wp\/v2\/product_tag?post=3117"}],"curies":[{"name":"wp","href":"https:\/\/api.w.org\/{rel}","templated":true}]}}