{"id":3122,"date":"2024-11-12T11:09:01","date_gmt":"2024-11-12T10:09:01","guid":{"rendered":"https:\/\/www.canquim.es\/?post_type=product&#038;p=3122"},"modified":"2024-11-16T11:39:35","modified_gmt":"2024-11-16T10:39:35","slug":"sbrinz-aop","status":"publish","type":"product","link":"https:\/\/www.canquim.es\/ca\/producto\/sbrinz-aop\/","title":{"rendered":"Sbrinz AOP"},"content":{"rendered":"<p style=\"text-align: justify;\">Aquest formatge artes\u00e0 del centre de Su\u00efssa, poc conegut i el m\u00e9s antic del pa\u00eds, \u00e9s un formatge completament natural, les vaques nom\u00e9s mengen fenc i herba. \u00c9s extradur, escor\u00e7a comestible, de vaca de llet crua, amb un m\u00ednim de 22 mesos de curaci\u00f3, d&#039;aroma intensa i especiada, amb petits punts de tirosina. T\u00e9 diverses maneres de menjar-se, en encenalls, ratllat o en asques. Una pe\u00e7a sol pesar uns 45 kg.<\/p>","protected":false},"excerpt":{"rendered":"<p style=\"text-align: justify;\">Aquest formatge artes\u00e0 del centre de Su\u00efssa, poc conegut i el m\u00e9s antic del pa\u00eds, \u00e9s un formatge completament natural, les vaques nom\u00e9s mengen fenc i herba. \u00c9s extradur, escor\u00e7a comestible, de vaca de llet crua, amb un m\u00ednim de 22 mesos de curaci\u00f3, d&#039;aroma intensa i especiada, amb petits punts de tirosina. T\u00e9 diverses maneres de menjar-se, en encenalls, ratllat o en asques. Una pe\u00e7a sol pesar uns 45 kg.<\/p>","protected":false},"featured_media":0,"comment_status":"open","ping_status":"closed","template":"","meta":[],"product_brand":[],"product_cat":[20],"product_tag":[],"class_list":{"0":"post-3122","1":"product","2":"type-product","3":"status-publish","5":"product_cat-quesos","6":"pa_animal-vaca","7":"pa_comunidad-region-suiza-central","8":"pa_cuajo-animal","9":"pa_intensidad-pronunciada","10":"pa_leche-cruda","11":"pa_maridaje-cervesa","12":"pa_maridaje-pinot-blanc","13":"pa_pais-suiza","14":"pa_peso-1kg","15":"pa_peso-250g","16":"pa_peso-500g","17":"pa_tiempo-maduracion-minimo-22-meses","18":"pa_tipo-pasta-extraduro","19":"wcpa_has_options","21":"first","22":"outofstock","23":"taxable","24":"shipping-taxable","25":"product-type-variable"},"_links":{"self":[{"href":"https:\/\/www.canquim.es\/ca\/wp-json\/wp\/v2\/product\/3122","targetHints":{"allow":["GET"]}}],"collection":[{"href":"https:\/\/www.canquim.es\/ca\/wp-json\/wp\/v2\/product"}],"about":[{"href":"https:\/\/www.canquim.es\/ca\/wp-json\/wp\/v2\/types\/product"}],"replies":[{"embeddable":true,"href":"https:\/\/www.canquim.es\/ca\/wp-json\/wp\/v2\/comments?post=3122"}],"version-history":[{"count":0,"href":"https:\/\/www.canquim.es\/ca\/wp-json\/wp\/v2\/product\/3122\/revisions"}],"wp:attachment":[{"href":"https:\/\/www.canquim.es\/ca\/wp-json\/wp\/v2\/media?parent=3122"}],"wp:term":[{"taxonomy":"product_brand","embeddable":true,"href":"https:\/\/www.canquim.es\/ca\/wp-json\/wp\/v2\/product_brand?post=3122"},{"taxonomy":"product_cat","embeddable":true,"href":"https:\/\/www.canquim.es\/ca\/wp-json\/wp\/v2\/product_cat?post=3122"},{"taxonomy":"product_tag","embeddable":true,"href":"https:\/\/www.canquim.es\/ca\/wp-json\/wp\/v2\/product_tag?post=3122"}],"curies":[{"name":"wp","href":"https:\/\/api.w.org\/{rel}","templated":true}]}}