{"id":3133,"date":"2024-11-12T11:08:04","date_gmt":"2024-11-12T10:08:04","guid":{"rendered":"https:\/\/www.canquim.es\/?post_type=product&#038;p=3133"},"modified":"2024-11-19T11:28:22","modified_gmt":"2024-11-19T10:28:22","slug":"alp-blossom","status":"publish","type":"product","link":"https:\/\/www.canquim.es\/ca\/producto\/alp-blossom\/","title":{"rendered":"Alp Blossom"},"content":{"rendered":"<p>A Baviera, Alemanya, comercialitzen aquest peculiar formatge de vaca de llet crua, cobert d&#039;herbes i flors alpines, com p\u00e8tals de rosa, marduix, blauet, lavanda, cal\u00e8ndula, blauet, lovage i perifollo, totes recollides a la zona. elaborat en una formatgeria ubicada a Doren, Vorarlberg, la primera escola de formatge de \u00c0ustria. S&#039;elabora a \u00c0ustria i el maduren en prestatgeries de fusta un m\u00ednim de 8 mesos, despr\u00e9s l&#039;envien Alemanya on el cobreixen amb flors i est\u00e0 llest per comercialitzar-lo.<\/p>","protected":false},"excerpt":{"rendered":"<p>A Baviera, Alemanya, comercialitzen aquest peculiar formatge de vaca de llet crua, cobert d&#039;herbes i flors alpines, com p\u00e8tals de rosa, marduix, blauet, lavanda, cal\u00e8ndula, blauet, lovage i perifollo, totes recollides a la zona. elaborat en una formatgeria ubicada a Doren, Vorarlberg, la primera escola de formatge de \u00c0ustria. S&#039;elabora a \u00c0ustria i el maduren en prestatgeries de fusta un m\u00ednim de 8 mesos, despr\u00e9s l&#039;envien Alemanya on el cobreixen amb flors i est\u00e0 llest per comercialitzar-lo.<\/p>","protected":false},"featured_media":0,"comment_status":"open","ping_status":"closed","template":"","meta":[],"product_brand":[],"product_cat":[20],"product_tag":[],"class_list":{"0":"post-3133","1":"product","2":"type-product","3":"status-publish","5":"product_cat-quesos","6":"pa_animal-vaca","7":"pa_comunidad-region-baviera","8":"pa_comunidad-region-voralberg","9":"pa_cuajo-animal","10":"pa_intensidad-pronunciada","11":"pa_leche-cruda","12":"pa_maridaje-cerveza-bock","13":"pa_pais-alemania","14":"pa_pais-austria","15":"pa_peso-1kg","16":"pa_peso-250g","17":"pa_peso-500g","18":"pa_tiempo-maduracion-6-8-mesos","19":"pa_tipo-pasta-duro","20":"wcpa_has_options","22":"first","23":"outofstock","24":"taxable","25":"shipping-taxable","26":"purchasable","27":"product-type-variable"},"_links":{"self":[{"href":"https:\/\/www.canquim.es\/ca\/wp-json\/wp\/v2\/product\/3133","targetHints":{"allow":["GET"]}}],"collection":[{"href":"https:\/\/www.canquim.es\/ca\/wp-json\/wp\/v2\/product"}],"about":[{"href":"https:\/\/www.canquim.es\/ca\/wp-json\/wp\/v2\/types\/product"}],"replies":[{"embeddable":true,"href":"https:\/\/www.canquim.es\/ca\/wp-json\/wp\/v2\/comments?post=3133"}],"version-history":[{"count":0,"href":"https:\/\/www.canquim.es\/ca\/wp-json\/wp\/v2\/product\/3133\/revisions"}],"wp:attachment":[{"href":"https:\/\/www.canquim.es\/ca\/wp-json\/wp\/v2\/media?parent=3133"}],"wp:term":[{"taxonomy":"product_brand","embeddable":true,"href":"https:\/\/www.canquim.es\/ca\/wp-json\/wp\/v2\/product_brand?post=3133"},{"taxonomy":"product_cat","embeddable":true,"href":"https:\/\/www.canquim.es\/ca\/wp-json\/wp\/v2\/product_cat?post=3133"},{"taxonomy":"product_tag","embeddable":true,"href":"https:\/\/www.canquim.es\/ca\/wp-json\/wp\/v2\/product_tag?post=3133"}],"curies":[{"name":"wp","href":"https:\/\/api.w.org\/{rel}","templated":true}]}}