{"id":3408,"date":"2024-11-12T09:47:31","date_gmt":"2024-11-12T08:47:31","guid":{"rendered":"https:\/\/www.canquim.es\/?post_type=product&#038;p=3408"},"modified":"2024-11-12T09:48:39","modified_gmt":"2024-11-12T08:48:39","slug":"gorgonzola-dop-strachin","status":"publish","type":"product","link":"https:\/\/www.canquim.es\/ca\/producto\/gorgonzola-dop-strachin\/","title":{"rendered":"Gorgonzola DOP Strach&#039;in"},"content":{"rendered":"<p>A Piemont, It\u00e0lia, amb la majoria de la producci\u00f3 del formatge gorgonzola juntament amb Llombardia, trobem el cl\u00e0ssic blau itali\u00e0, formatge de vaca de llet pasteritzada. T\u00e9 una difer\u00e8ncia entre altres blaus, ja que la floridura utlilitzada \u00e9s el penicillium glaucum. De sabor dol\u00e7, extremadament crem\u00f3s, un blau espectacular.<\/p>","protected":false},"excerpt":{"rendered":"<p>A Piemont, It\u00e0lia, amb la majoria de la producci\u00f3 del formatge gorgonzola juntament amb Llombardia, trobem el cl\u00e0ssic blau itali\u00e0, formatge de vaca de llet pasteritzada. T\u00e9 una difer\u00e8ncia entre altres blaus, ja que la floridura utlilitzada \u00e9s el penicillium glaucum. De sabor dol\u00e7, extremadament crem\u00f3s, un blau espectacular.<\/p>","protected":false},"featured_media":3415,"comment_status":"open","ping_status":"closed","template":"","meta":[],"product_brand":[],"product_cat":[20],"product_tag":[],"class_list":{"0":"post-3408","1":"product","2":"type-product","3":"status-publish","4":"has-post-thumbnail","6":"product_cat-quesos","7":"pa_animal-vaca","8":"pa_comunidad-region-piamonte","9":"pa_cuajo-animal","10":"pa_intensidad-pronunciada","11":"pa_leche-pasteurizada","12":"pa_maridaje-cabernet-franc","13":"pa_maridaje-chardonnay","14":"pa_maridaje-sauvignon-blanco","15":"pa_pais-italia","16":"pa_peso-1kg","17":"pa_peso-250g","18":"pa_peso-500g","19":"pa_tiempo-maduracion-2-a-3-meses","20":"pa_tipo-pasta-blando","22":"first","23":"outofstock","24":"taxable","25":"shipping-taxable","26":"purchasable","27":"product-type-variable"},"_links":{"self":[{"href":"https:\/\/www.canquim.es\/ca\/wp-json\/wp\/v2\/product\/3408","targetHints":{"allow":["GET"]}}],"collection":[{"href":"https:\/\/www.canquim.es\/ca\/wp-json\/wp\/v2\/product"}],"about":[{"href":"https:\/\/www.canquim.es\/ca\/wp-json\/wp\/v2\/types\/product"}],"replies":[{"embeddable":true,"href":"https:\/\/www.canquim.es\/ca\/wp-json\/wp\/v2\/comments?post=3408"}],"version-history":[{"count":0,"href":"https:\/\/www.canquim.es\/ca\/wp-json\/wp\/v2\/product\/3408\/revisions"}],"wp:featuredmedia":[{"embeddable":true,"href":"https:\/\/www.canquim.es\/ca\/wp-json\/wp\/v2\/media\/3415"}],"wp:attachment":[{"href":"https:\/\/www.canquim.es\/ca\/wp-json\/wp\/v2\/media?parent=3408"}],"wp:term":[{"taxonomy":"product_brand","embeddable":true,"href":"https:\/\/www.canquim.es\/ca\/wp-json\/wp\/v2\/product_brand?post=3408"},{"taxonomy":"product_cat","embeddable":true,"href":"https:\/\/www.canquim.es\/ca\/wp-json\/wp\/v2\/product_cat?post=3408"},{"taxonomy":"product_tag","embeddable":true,"href":"https:\/\/www.canquim.es\/ca\/wp-json\/wp\/v2\/product_tag?post=3408"}],"curies":[{"name":"wp","href":"https:\/\/api.w.org\/{rel}","templated":true}]}}