{"id":3428,"date":"2024-11-12T11:36:39","date_gmt":"2024-11-12T10:36:39","guid":{"rendered":"https:\/\/www.canquim.es\/?post_type=product&#038;p=3428"},"modified":"2024-11-12T17:40:16","modified_gmt":"2024-11-12T16:40:16","slug":"shropshire-blue","status":"publish","type":"product","link":"https:\/\/www.canquim.es\/ca\/producto\/shropshire-blue\/","title":{"rendered":"Shropshire Blue"},"content":{"rendered":"<p>La primera vegada que es va elaborar el formatge Shropshire va ser a Esc\u00f2cia. Actualment ho elaboren a Nottinghamshire, juntament amb el rei del formatge blau, el Stilton. \u00c9s cos\u00ed germ\u00e0 del formatge Stilton, nom\u00e9s que li afegeixen achiote o annatto, colorant natural i vegetal. El seu sabor \u00e9s fort, lleugerament agre i m\u00e9s crem\u00f3s que el Stilton. Cal destacar que el seu quall \u00e9s vegetal. Un formatge blau que donar\u00e0 molt de color a una taula de formatges.<\/p>","protected":false},"excerpt":{"rendered":"<p>La primera vegada que es va elaborar el formatge Shropshire va ser a Esc\u00f2cia. Actualment ho elaboren a Nottinghamshire, juntament amb el rei del formatge blau, el Stilton. \u00c9s cos\u00ed germ\u00e0 del formatge Stilton, nom\u00e9s que li afegeixen achiote o annatto, colorant natural i vegetal. El seu sabor \u00e9s fort, lleugerament agre i m\u00e9s crem\u00f3s que el Stilton. Cal destacar que el seu quall \u00e9s vegetal. Un formatge blau que donar\u00e0 molt de color a una taula de formatges.<\/p>","protected":false},"featured_media":0,"comment_status":"open","ping_status":"closed","template":"","meta":[],"product_brand":[],"product_cat":[20],"product_tag":[],"class_list":{"0":"post-3428","1":"product","2":"type-product","3":"status-publish","5":"product_cat-quesos","6":"pa_animal-vaca","7":"pa_comunidad-region-nottingham","8":"pa_cuajo-vegetal","9":"pa_intensidad-molt-fort","10":"pa_leche-pasteurizada","11":"pa_maridaje-cabernet-sauvignon","12":"pa_maridaje-merlot-tinto","13":"pa_pais-reino-unido","14":"pa_peso-1kg","15":"pa_peso-250g","16":"pa_peso-500g","17":"pa_tiempo-maduracion-2-a-3-meses","18":"pa_tipo-pasta-semiduro","19":"wcpa_has_options","21":"first","22":"outofstock","23":"taxable","24":"shipping-taxable","25":"product-type-variable"},"_links":{"self":[{"href":"https:\/\/www.canquim.es\/ca\/wp-json\/wp\/v2\/product\/3428","targetHints":{"allow":["GET"]}}],"collection":[{"href":"https:\/\/www.canquim.es\/ca\/wp-json\/wp\/v2\/product"}],"about":[{"href":"https:\/\/www.canquim.es\/ca\/wp-json\/wp\/v2\/types\/product"}],"replies":[{"embeddable":true,"href":"https:\/\/www.canquim.es\/ca\/wp-json\/wp\/v2\/comments?post=3428"}],"version-history":[{"count":0,"href":"https:\/\/www.canquim.es\/ca\/wp-json\/wp\/v2\/product\/3428\/revisions"}],"wp:attachment":[{"href":"https:\/\/www.canquim.es\/ca\/wp-json\/wp\/v2\/media?parent=3428"}],"wp:term":[{"taxonomy":"product_brand","embeddable":true,"href":"https:\/\/www.canquim.es\/ca\/wp-json\/wp\/v2\/product_brand?post=3428"},{"taxonomy":"product_cat","embeddable":true,"href":"https:\/\/www.canquim.es\/ca\/wp-json\/wp\/v2\/product_cat?post=3428"},{"taxonomy":"product_tag","embeddable":true,"href":"https:\/\/www.canquim.es\/ca\/wp-json\/wp\/v2\/product_tag?post=3428"}],"curies":[{"name":"wp","href":"https:\/\/api.w.org\/{rel}","templated":true}]}}