{"id":3434,"date":"2024-11-12T12:09:05","date_gmt":"2024-11-12T11:09:05","guid":{"rendered":"https:\/\/www.canquim.es\/?post_type=product&#038;p=3434"},"modified":"2024-11-12T17:16:44","modified_gmt":"2024-11-12T16:16:44","slug":"morbier-dop","status":"publish","type":"product","link":"https:\/\/www.canquim.es\/ca\/producto\/morbier-dop\/","title":{"rendered":"Morbier DOP"},"content":{"rendered":"<p>A la regi\u00f3 de Jura, on les vaques pasturen als Alps francesos, elaboren el formatge de muntanya Morbier. Formatge de vaca de llet crua, on t\u00e9 la peculiar l\u00ednia grisa de carb\u00f3 vegetal. Antigament, entre la munyida del dia i del seg\u00fcent, o si no els donava temps a arribar a les cooperatives per a l&#039;elaboraci\u00f3 del formatge Comt\u00e9, se&#039;l cobria amb cendra vegetal per espantar els insectes, \u00e9s aix\u00ed com es va crear la particular l\u00ednia que ho fa tan reconeixible a simple vista el formatge Morbier. Et sorprendr\u00e0s si proves fos en una raclette.<\/p>\n<p>&nbsp;<\/p>","protected":false},"excerpt":{"rendered":"<p>A la regi\u00f3 de Jura, on les vaques pasturen als Alps francesos, elaboren el formatge de muntanya Morbier. Formatge de vaca de llet crua, on t\u00e9 la peculiar l\u00ednia grisa de carb\u00f3 vegetal. Antigament, entre la munyida del dia i del seg\u00fcent, o si no els donava temps a arribar a les cooperatives per a l&#039;elaboraci\u00f3 del formatge Comt\u00e9, se&#039;l cobria amb cendra vegetal per espantar els insectes, \u00e9s aix\u00ed com es va crear la particular l\u00ednia que ho fa tan reconeixible a simple vista el formatge Morbier. Et sorprendr\u00e0s si ho proves fos en un raclette.<\/p>","protected":false},"featured_media":0,"comment_status":"open","ping_status":"closed","template":"","meta":[],"product_brand":[],"product_cat":[20],"product_tag":[],"class_list":{"0":"post-3434","1":"product","2":"type-product","3":"status-publish","5":"product_cat-quesos","6":"pa_animal-vaca","7":"pa_comunidad-region-jura","8":"pa_cuajo-animal","9":"pa_intensidad-pronunciada","10":"pa_leche-cruda","11":"pa_maridaje-shyrah","12":"pa_pais-francia","13":"pa_peso-1kg","14":"pa_peso-250g","15":"pa_peso-500g","16":"pa_tiempo-maduracion-minimo-3-meses","17":"pa_tipo-pasta-semiduro","18":"wcpa_has_options","20":"first","21":"outofstock","22":"taxable","23":"shipping-taxable","24":"product-type-variable"},"_links":{"self":[{"href":"https:\/\/www.canquim.es\/ca\/wp-json\/wp\/v2\/product\/3434","targetHints":{"allow":["GET"]}}],"collection":[{"href":"https:\/\/www.canquim.es\/ca\/wp-json\/wp\/v2\/product"}],"about":[{"href":"https:\/\/www.canquim.es\/ca\/wp-json\/wp\/v2\/types\/product"}],"replies":[{"embeddable":true,"href":"https:\/\/www.canquim.es\/ca\/wp-json\/wp\/v2\/comments?post=3434"}],"version-history":[{"count":0,"href":"https:\/\/www.canquim.es\/ca\/wp-json\/wp\/v2\/product\/3434\/revisions"}],"wp:attachment":[{"href":"https:\/\/www.canquim.es\/ca\/wp-json\/wp\/v2\/media?parent=3434"}],"wp:term":[{"taxonomy":"product_brand","embeddable":true,"href":"https:\/\/www.canquim.es\/ca\/wp-json\/wp\/v2\/product_brand?post=3434"},{"taxonomy":"product_cat","embeddable":true,"href":"https:\/\/www.canquim.es\/ca\/wp-json\/wp\/v2\/product_cat?post=3434"},{"taxonomy":"product_tag","embeddable":true,"href":"https:\/\/www.canquim.es\/ca\/wp-json\/wp\/v2\/product_tag?post=3434"}],"curies":[{"name":"wp","href":"https:\/\/api.w.org\/{rel}","templated":true}]}}