{"id":3506,"date":"2024-11-19T15:32:46","date_gmt":"2024-11-19T14:32:46","guid":{"rendered":"https:\/\/www.canquim.es\/?post_type=product&#038;p=3506"},"modified":"2024-11-19T15:32:46","modified_gmt":"2024-11-19T14:32:46","slug":"blue-61","status":"publish","type":"product","link":"https:\/\/www.canquim.es\/ca\/producto\/blue-61\/","title":{"rendered":"Blue 61"},"content":{"rendered":"<p>A Trevieso, It\u00e0lia, submergeixen aquest formatge blau en vi Raboso Passito m\u00ednim 3 mesos. De llet de vaca pasteuritzada, cobert de nabius, de textura cremosa, fundent, el vi li d\u00f3na un sabor dol\u00e7, intens, amb el picant caracter\u00edstic dels formatges blaus. Blue&#039;61 \u00e9s un formatge molt peculiar, per a tur\u00f2fils dels formatges blaus!<\/p>","protected":false},"excerpt":{"rendered":"<p>A Trevieso, It\u00e0lia, submergeixen aquest formatge blau en vi Raboso Passito m\u00ednim 3 mesos. De llet de vaca pasteuritzada, cobert de nabius, de textura cremosa, fundent, el vi li d\u00f3na un sabor dol\u00e7, intens, amb el picant caracter\u00edstic dels formatges blaus. Blue&#039;61 \u00e9s un formatge molt peculiar, per a tur\u00f2fils dels formatges blaus!<\/p>","protected":false},"featured_media":0,"comment_status":"open","ping_status":"closed","template":"","meta":[],"product_brand":[],"product_cat":[20],"product_tag":[],"class_list":{"0":"post-3506","1":"product","2":"type-product","3":"status-publish","5":"product_cat-quesos","6":"pa_animal-vaca","7":"pa_comunidad-region-treviso","8":"pa_cuajo-animal","9":"pa_intensidad-molt-fort","10":"pa_leche-pasteurizada","11":"pa_maridaje-raboso-passito","12":"pa_maridaje-vi-de-postres","13":"pa_pais-italia","14":"pa_peso-1kg","15":"pa_peso-250g","16":"pa_peso-500g","17":"pa_tiempo-maduracion-minimo-3-meses","18":"pa_tipo-pasta-semiduro","19":"wcpa_has_options","21":"first","22":"outofstock","23":"taxable","24":"shipping-taxable","25":"purchasable","26":"product-type-variable"},"_links":{"self":[{"href":"https:\/\/www.canquim.es\/ca\/wp-json\/wp\/v2\/product\/3506","targetHints":{"allow":["GET"]}}],"collection":[{"href":"https:\/\/www.canquim.es\/ca\/wp-json\/wp\/v2\/product"}],"about":[{"href":"https:\/\/www.canquim.es\/ca\/wp-json\/wp\/v2\/types\/product"}],"replies":[{"embeddable":true,"href":"https:\/\/www.canquim.es\/ca\/wp-json\/wp\/v2\/comments?post=3506"}],"version-history":[{"count":0,"href":"https:\/\/www.canquim.es\/ca\/wp-json\/wp\/v2\/product\/3506\/revisions"}],"wp:attachment":[{"href":"https:\/\/www.canquim.es\/ca\/wp-json\/wp\/v2\/media?parent=3506"}],"wp:term":[{"taxonomy":"product_brand","embeddable":true,"href":"https:\/\/www.canquim.es\/ca\/wp-json\/wp\/v2\/product_brand?post=3506"},{"taxonomy":"product_cat","embeddable":true,"href":"https:\/\/www.canquim.es\/ca\/wp-json\/wp\/v2\/product_cat?post=3506"},{"taxonomy":"product_tag","embeddable":true,"href":"https:\/\/www.canquim.es\/ca\/wp-json\/wp\/v2\/product_tag?post=3506"}],"curies":[{"name":"wp","href":"https:\/\/api.w.org\/{rel}","templated":true}]}}