{"id":355,"date":"2022-01-31T23:00:15","date_gmt":"2022-01-31T22:00:15","guid":{"rendered":"https:\/\/www.canquim.es\/?post_type=product&#038;p=355"},"modified":"2024-11-10T08:29:51","modified_gmt":"2024-11-10T07:29:51","slug":"occelli-al-barolo","status":"publish","type":"product","link":"https:\/\/www.canquim.es\/ca\/producto\/occelli-al-barolo\/","title":{"rendered":"Occelli al Barolo"},"content":{"rendered":"<p style=\"text-align: justify;\">Els millors formatges de <strong>Beppino Occelli<\/strong> han sorgit de l&#039;evoluci\u00f3 del sabor i la recerca cont\u00ednua de qualitat en les primeres mat\u00e8ries, profundament vinculades al territori.<\/p>\n<p style=\"text-align: justify;\">De fet la \u00ab<strong>Via L\u00e0ctia<\/strong>\u00bb s&#039;origina al Langhe, puja per Cuneo fins a les pastures de Castelmagno i Valgrana i finalment arriba a Valcasotto. Aqu\u00ed els formatges envellits a les muntanyes, gr\u00e0cies a la cura constant dels mestres afins, finalment descansen i maduren durant molt de temps a les taules de fusta que desenvolupen el seu sabor i enriqueixen l&#039;estructura.<\/p>\n<p style=\"text-align: justify;\">La passi\u00f3 de Beppino Occelli per les tradicions l\u00e0cties locals, combinada amb la seva gran creativitat, ha produ\u00eft una \u00e0mplia varietat de formatges (frescs, semiassaonats, condimentats, t\u00f2fona, blau, gran reserva i DOP). Hi ha una gran varietat de productes, molt apreciats pels gurmets per la seva qualitat.<\/p>\n<p style=\"text-align: justify;\">Fet de llet de vaca, Occelli al Barolo, envelleix durant diversos mesos i est\u00e0 acabat en orujo enriquit amb vi Barolo.<\/p>\n<p style=\"text-align: justify;\">Aquest \u00e9s un gran formatge per tastar i meditar. La seva forta personalitat i sabor combinen b\u00e9 amb excel\u00b7lents vins negres de la verema.<\/p>\n<p style=\"text-align: justify;\">Els formatges de Beppino Occeli no deixen indiferent cap tur\u00f2fil.<\/p>","protected":false},"excerpt":{"rendered":"<p style=\"text-align: justify;\">Formatge itali\u00e0, fort, curat, llet de vaca i cabra pasteuritzada, xopat amb vi Barolo.<\/p>","protected":false},"featured_media":356,"comment_status":"closed","ping_status":"closed","template":"","meta":[],"product_brand":[],"product_cat":[20],"product_tag":[],"class_list":{"0":"post-355","1":"product","2":"type-product","3":"status-publish","4":"has-post-thumbnail","6":"product_cat-quesos","7":"pa_animal-cabra","8":"pa_animal-vaca","9":"pa_cuajo-animal","10":"pa_intensidad-fort","11":"pa_leche-cabra","12":"pa_maridaje-vi-negre","13":"pa_peso-1kg","14":"pa_peso-250g","15":"pa_peso-500g","17":"first","18":"outofstock","19":"taxable","20":"shipping-taxable","21":"purchasable","22":"product-type-variable"},"_links":{"self":[{"href":"https:\/\/www.canquim.es\/ca\/wp-json\/wp\/v2\/product\/355","targetHints":{"allow":["GET"]}}],"collection":[{"href":"https:\/\/www.canquim.es\/ca\/wp-json\/wp\/v2\/product"}],"about":[{"href":"https:\/\/www.canquim.es\/ca\/wp-json\/wp\/v2\/types\/product"}],"replies":[{"embeddable":true,"href":"https:\/\/www.canquim.es\/ca\/wp-json\/wp\/v2\/comments?post=355"}],"version-history":[{"count":0,"href":"https:\/\/www.canquim.es\/ca\/wp-json\/wp\/v2\/product\/355\/revisions"}],"wp:featuredmedia":[{"embeddable":true,"href":"https:\/\/www.canquim.es\/ca\/wp-json\/wp\/v2\/media\/356"}],"wp:attachment":[{"href":"https:\/\/www.canquim.es\/ca\/wp-json\/wp\/v2\/media?parent=355"}],"wp:term":[{"taxonomy":"product_brand","embeddable":true,"href":"https:\/\/www.canquim.es\/ca\/wp-json\/wp\/v2\/product_brand?post=355"},{"taxonomy":"product_cat","embeddable":true,"href":"https:\/\/www.canquim.es\/ca\/wp-json\/wp\/v2\/product_cat?post=355"},{"taxonomy":"product_tag","embeddable":true,"href":"https:\/\/www.canquim.es\/ca\/wp-json\/wp\/v2\/product_tag?post=355"}],"curies":[{"name":"wp","href":"https:\/\/api.w.org\/{rel}","templated":true}]}}